{"id":860,"date":"2024-11-19T18:11:52","date_gmt":"2024-11-19T18:11:52","guid":{"rendered":"http:\/\/www.justuxia.fi\/?page_id=860"},"modified":"2025-06-09T11:59:57","modified_gmt":"2025-06-09T11:59:57","slug":"lataukset","status":"publish","type":"page","link":"https:\/\/www.justuxia.fi\/en\/lataukset\/","title":{"rendered":"Lataa tuotetietoja tai soita Justuxian asiantuntijalle"},"content":{"rendered":"<p><strong>JUSTUXIA TUOTELUETTELO<\/strong> <a href=\"http:\/\/www.justuxia.fi\/downloads\/justuxia_atex_tuoteluettelo_2025.pdf\">Justuxia ATEX tuoteluettelo 2025<\/a><br \/>\n<strong>CHALMIT VALAISIMET<\/strong>\u00a0<a href=\"http:\/\/www.hubbell.com\/chalmit\">Chalmit<\/a><br \/>\n<strong>HAWKE KAAPELIASENNUSTARVIKKEET<\/strong> <a href=\"http:\/\/www.hubbell.com\/hawke\">Hawke International<\/a><br \/>\n<strong>GAI-TRONICS PUHELINJ\u00c4RJESTELM\u00c4T<\/strong> <a href=\"http:\/\/www.hubbell.com\/gai-tronics\">GAI-TRONICS<\/a><br \/>\n<strong>KILLARK TUOTTEET UL<\/strong> <a href=\"http:\/\/www.hubbell.com\/killark\">KILLARK<\/a><br \/>\n<strong>HUBBELL WDK S\u00c4HK\u00d6ASENNUSTARVIKKEET UL<\/strong> <a href=\"http:\/\/www.hubbell.com\/wiringdevice-kellems\">HUBBELL Wiring Device-Kellems<\/a><\/p>\n","protected":false},"excerpt":{"rendered":"<p>JUSTUXIA TUOTELUETTELO Justuxia ATEX tuoteluettelo 2025 CHALMIT VALAISIMET\u00a0Chalmit HAWKE KAAPELIASENNUSTARVIKKEET Hawke International GAI-TRONICS PUHELINJ\u00c4RJESTELM\u00c4T GAI-TRONICS KILLARK TUOTTEET UL KILLARK HUBBELL WDK S\u00c4HK\u00d6ASENNUSTARVIKKEET UL HUBBELL Wiring Device-Kellems<\/p>\n","protected":false},"author":1,"featured_media":0,"parent":0,"menu_order":0,"comment_status":"closed","ping_status":"closed","template":"","meta":{"footnotes":""},"class_list":["post-860","page","type-page","status-publish","hentry","post"],"translation":{"provider":"WPGlobus","version":"3.0.0","language":"en","enabled_languages":["fi","en"],"languages":{"fi":{"title":true,"content":true,"excerpt":false},"en":{"title":false,"content":false,"excerpt":false}}},"_links":{"self":[{"href":"https:\/\/www.justuxia.fi\/en\/wp-json\/wp\/v2\/pages\/860","targetHints":{"allow":["GET"]}}],"collection":[{"href":"https:\/\/www.justuxia.fi\/en\/wp-json\/wp\/v2\/pages"}],"about":[{"href":"https:\/\/www.justuxia.fi\/en\/wp-json\/wp\/v2\/types\/page"}],"author":[{"embeddable":true,"href":"https:\/\/www.justuxia.fi\/en\/wp-json\/wp\/v2\/users\/1"}],"replies":[{"embeddable":true,"href":"https:\/\/www.justuxia.fi\/en\/wp-json\/wp\/v2\/comments?post=860"}],"version-history":[{"count":16,"href":"https:\/\/www.justuxia.fi\/en\/wp-json\/wp\/v2\/pages\/860\/revisions"}],"predecessor-version":[{"id":1049,"href":"https:\/\/www.justuxia.fi\/en\/wp-json\/wp\/v2\/pages\/860\/revisions\/1049"}],"wp:attachment":[{"href":"https:\/\/www.justuxia.fi\/en\/wp-json\/wp\/v2\/media?parent=860"}],"curies":[{"name":"wp","href":"https:\/\/api.w.org\/{rel}","templated":true}]}}