{"id":37,"date":"2022-01-17T20:01:11","date_gmt":"2022-01-17T20:01:11","guid":{"rendered":"http:\/\/www.justuxia.fi\/?page_id=37"},"modified":"2025-05-30T17:53:55","modified_gmt":"2025-05-30T17:53:55","slug":"monikaapelilapiviennit","status":"publish","type":"page","link":"https:\/\/www.justuxia.fi\/en\/monikaapelilapiviennit\/","title":{"rendered":"KAAPELIL\u00c4PIVIENNIT JA PUTKIL\u00c4PIVIENNIT"},"content":{"rendered":"\n<p>Justuxia toimittaa tiivistysratkaisuja kaapeli- ja putkil\u00e4pivienneille suojaamaan erilaisilta riskeilt\u00e4, kuten tulipalolta, kaasu- ja vesivuodoilta, paineelta ja s\u00e4hk\u00f6magneettisilta uhilta. Monikaapelil\u00e4piviennit on suunniteltu kest\u00e4m\u00e4\u00e4n vaativimpia olosuhteita, korroosiota ja l\u00e4mp\u00f6tilan vaihteluja, vaimentamaan \u00e4\u00e4ni\u00e4 ja tarjoamaan maadoitus- ja EMC-suojausratkaisuja. Maailmanlaajuisesti hyv\u00e4ksytyt tuotteet t\u00e4ytt\u00e4v\u00e4t vaatimukset ja tarjoavat asiakkaalle joustavan ratkaisun kaikkiin l\u00e4pivientien tiivistystarpeisiin, kuten tulipaloissa, est\u00e4\u00e4 savun ja kaasujen levi\u00e4misen, est\u00e4m\u00e4\u00e4n veden sis\u00e4\u00e4np\u00e4\u00e4syn, suojaa kosteudelta, tulvimiselta ja korroosiolta. MCT suojaa s\u00e4hk\u00f6magneettisilta h\u00e4iri\u00f6ilt\u00e4\/pulsseilta sek\u00e4 salamaniskun vaikutuksilta, pit\u00e4\u00e4 lian, p\u00f6lyn, kemikaalit ja h\u00f6yryt kurissa ja est\u00e4\u00e4 tuholaisten sis\u00e4\u00e4np\u00e4\u00e4syn tiloihin.<\/p>\n\n\n\n\n\n<p><strong>PAKATTAVAT KAAPELIL\u00c4PIVIENNIT<\/strong><br>\nHTS \u2013 Modulaarinen kaapelil\u00e4pivientij\u00e4rjestelm\u00e4 vaativiin kohteisiin<br><br>\nHawke Transit System (HTS) on moderni ja \u00e4lyk\u00e4s kaapelil\u00e4pivientij\u00e4rjestelm\u00e4, joka on suunniteltu suojaamaan rakenteita ja j\u00e4rjestelmi\u00e4 palolta, vedelt\u00e4, kaasuilta, p\u00f6lylt\u00e4, t\u00e4rin\u00e4lt\u00e4 ja s\u00e4hk\u00f6magneettisilta h\u00e4iri\u00f6ilt\u00e4. HTS tarjoaa luotettavan ja tarkastettavissa olevan ratkaisun niin teollisuuden, laivateollisuuden, energia-alan kuin infrastruktuurihankkeiden tarpeisiin.<br><br>\nJustuxia Oy on HTS-j\u00e4rjestelm\u00e4n virallinen edustaja Suomessa ja palvelee asiakkaita toimituksissa, suunnittelussa ja teknisess\u00e4 tuessa \u2013 paikallisesti ja asiantuntevasti.<br><br>\nMiksi valita HTS?<br>\n<ul>\n    <li>V\u00e4rikoodatut lohkot \u2013 Helppo ja nopea asennus ilman virheit\u00e4<\/li>\n    <li>T\u00e4ydellinen j\u00e4lkitarkastettavuus \u2013 N\u00e4et yhdell\u00e4 silm\u00e4yksell\u00e4 onko l\u00e4pivienti tehty oikein<\/li>\n    <li>Korkea palonkesto \u2013 Jopa EI120 \/ A60-luokitukset<\/li>\n    <li>IP66 ja IP68 -tiiviys \u2013 Eritt\u00e4in hyv\u00e4 suoja vesi- ja kaasuvuotoja vastaan<\/li>\n    <li>EMC-, EX- ja ATEX-soveltuvuus \u2013 My\u00f6s r\u00e4j\u00e4hdysvaarallisiin ja s\u00e4hk\u00f6magneettisesti herkkiin ymp\u00e4rist\u00f6ihin<\/li>\n    <li>Joustava rakenne \u2013 Mahdollistaa sek\u00e4 uusia ett\u00e4 muokattavia asennuksia ilman erikoisty\u00f6kaluja<\/li>\n    <li>Valmistettu Euroopassa \u2013 Nopea saatavuus ja korkea laatu<\/li>\n<\/ul>\nHTS-ratkaisuja:<br>\n<ul>\n    <li>Laivojen ja offshore-rakenteiden paloluokitellut kansi- ja sein\u00e4l\u00e4piviennit<\/li>\n    <li>Teollisuuslaitosten ja s\u00e4hk\u00f6asennusten kaapelihallinta<\/li>\n    <li>Ohjaus- ja s\u00e4hk\u00f6kaappien l\u00e4pivientitiivistys (HTS Cabinet Seals)<\/li>\n    <li>Kaivosteollisuus, petrokemia, ydinvoima ja uusiutuva energia<\/li>\n    <li>Turvallisuuskriittiset j\u00e4rjestelm\u00e4t (esim. sairaalat, tietoliikennekeskukset)<\/li>\n<br><br>\nJustuxia Oy toimittaa HTS-l\u00e4piviennit projektikohtaisesti mitoitetuilla lohkoilla, kehyksill\u00e4 ja tiivisteill\u00e4. Tarvittaessa tuemme asennus- ja suunnitteluvaiheessa \u2013 my\u00f6s suoraan ty\u00f6maalle.\n<\/p>\n","protected":false},"excerpt":{"rendered":"<p>Justuxia toimittaa tiivistysratkaisuja kaapeli- ja putkil\u00e4pivienneille suojaamaan erilaisilta riskeilt\u00e4, kuten tulipalolta, kaasu- ja vesivuodoilta, paineelta ja s\u00e4hk\u00f6magneettisilta uhilta. Monikaapelil\u00e4piviennit on suunniteltu kest\u00e4m\u00e4\u00e4n vaativimpia olosuhteita, korroosiota ja l\u00e4mp\u00f6tilan vaihteluja, vaimentamaan \u00e4\u00e4ni\u00e4 ja tarjoamaan maadoitus- ja EMC-suojausratkaisuja. Maailmanlaajuisesti hyv\u00e4ksytyt tuotteet t\u00e4ytt\u00e4v\u00e4t vaatimukset ja tarjoavat asiakkaalle joustavan ratkaisun kaikkiin l\u00e4pivientien tiivistystarpeisiin, kuten tulipaloissa, est\u00e4\u00e4 savun ja kaasujen levi\u00e4misen, [&hellip;]<\/p>\n","protected":false},"author":1,"featured_media":0,"parent":0,"menu_order":0,"comment_status":"closed","ping_status":"closed","template":"","meta":{"footnotes":""},"class_list":["post-37","page","type-page","status-publish","hentry","post"],"translation":{"provider":"WPGlobus","version":"3.0.0","language":"en","enabled_languages":["fi","en"],"languages":{"fi":{"title":true,"content":true,"excerpt":false},"en":{"title":false,"content":false,"excerpt":false}}},"_links":{"self":[{"href":"https:\/\/www.justuxia.fi\/en\/wp-json\/wp\/v2\/pages\/37","targetHints":{"allow":["GET"]}}],"collection":[{"href":"https:\/\/www.justuxia.fi\/en\/wp-json\/wp\/v2\/pages"}],"about":[{"href":"https:\/\/www.justuxia.fi\/en\/wp-json\/wp\/v2\/types\/page"}],"author":[{"embeddable":true,"href":"https:\/\/www.justuxia.fi\/en\/wp-json\/wp\/v2\/users\/1"}],"replies":[{"embeddable":true,"href":"https:\/\/www.justuxia.fi\/en\/wp-json\/wp\/v2\/comments?post=37"}],"version-history":[{"count":21,"href":"https:\/\/www.justuxia.fi\/en\/wp-json\/wp\/v2\/pages\/37\/revisions"}],"predecessor-version":[{"id":1026,"href":"https:\/\/www.justuxia.fi\/en\/wp-json\/wp\/v2\/pages\/37\/revisions\/1026"}],"wp:attachment":[{"href":"https:\/\/www.justuxia.fi\/en\/wp-json\/wp\/v2\/media?parent=37"}],"curies":[{"name":"wp","href":"https:\/\/api.w.org\/{rel}","templated":true}]}}