{"id":34,"date":"2022-01-17T19:18:41","date_gmt":"2022-01-17T19:18:41","guid":{"rendered":"http:\/\/www.justuxia.fi\/?page_id=34"},"modified":"2025-03-21T12:11:03","modified_gmt":"2025-03-21T12:11:03","slug":"lammitysratkaisut","status":"publish","type":"page","link":"https:\/\/www.justuxia.fi\/en\/lammitysratkaisut\/","title":{"rendered":"TEOLLISUUDEN L\u00c4MMITTIMET"},"content":{"rendered":"\r\n<p>Justuxialta saatavilla toimivat ja kustannustehokkaat l\u00e4mmitysratkaisut niin teollisuuden, laivanrakennusteollisuuden, kuin r\u00e4j\u00e4hdysvaarallisten tilojen kaikenlaisiin tarpeisiin. Valikoimassamme on T2RIB IP44 marine l\u00e4pivirtausl\u00e4mmittimet, IceStop l\u00e4mmitinpaneelit laivojen kulkuk\u00e4yt\u00e4ville, sek\u00e4 liukkauden torjuntaan yleisiss\u00e4 tiloissa ja my\u00f6skin laaja valikoima ATEX l\u00e4mmittimi\u00e4 tilojen ja nesteiden l\u00e4mmitystarpeisiin.<\/p>\r\n\r\n\r\n\r\n<table><tr><td width=50% style=\"vertical-align:top;\">\r\n\r\n\r\n\r\n<div class=\"wp-block-image\"><figure class=\"alignleft size-full is-resized\"><a href=\"http:\/\/www.justuxia.fi\/lammitysratkaisut\/rajahdysvaaralliset-tilat-lammitysratkaisut\/\"><img loading=\"lazy\" decoding=\"async\" src=\"http:\/\/www.justuxia.fi\/wp-content\/uploads\/2022\/05\/ATEX_Immersion_1.jpg\" alt=\"\" class=\"wp-image-412\" width=\"331\" height=\"187\" srcset=\"https:\/\/www.justuxia.fi\/wp-content\/uploads\/2022\/05\/ATEX_Immersion_1.jpg 784w, https:\/\/www.justuxia.fi\/wp-content\/uploads\/2022\/05\/ATEX_Immersion_1-300x170.jpg 300w, https:\/\/www.justuxia.fi\/wp-content\/uploads\/2022\/05\/ATEX_Immersion_1-768x436.jpg 768w\" sizes=\"auto, (max-width: 331px) 100vw, 331px\" \/><\/a><\/figure><\/div>\r\n\r\n\r\n\r\n<\/td><td width=50% style=\"vertical-align:top;\">\r\n\r\n\r\n\r\n<a href=\"http:\/\/www.justuxia.fi\/lammitysratkaisut\/rajahdysvaaralliset-tilat-lammitysratkaisut\/\"><strong>ATEX TILOJEN L\u00c4MMITTIMET<\/strong><\/a>\r\nKattava valikoima l\u00e4mmittimi\u00e4 ATEX tiloihin, kaikenlaiset ilman ja nesteen l\u00e4mmittimet joko standardiratkaisuna tai asiakastarpeen mukaan suunniteltuina. R\u00e4j\u00e4hdysvaarallisten tilojen asennuskotelol\u00e4mmittimet, kannettavat \/ siirrett\u00e4v\u00e4t Zone 1\/21 l\u00e4mmittimet; kysy lis\u00e4\u00e4 omalta Justuxia kontaktiltasi! \r\n\r\n\r\n\r\n<\/td><\/tr><tr><td width=50% style=\"vertical-align:top;\">\r\n\r\n\r\n\r\n<div class=\"wp-block-image\"><figure class=\"alignleft size-full is-resized\"><img loading=\"lazy\" decoding=\"async\" src=\"http:\/\/www.justuxia.fi\/wp-content\/uploads\/2022\/05\/TELCO-RIB.png\" alt=\"\" class=\"wp-image-416\" width=\"311\" height=\"89\" srcset=\"https:\/\/www.justuxia.fi\/wp-content\/uploads\/2022\/05\/TELCO-RIB.png 562w, https:\/\/www.justuxia.fi\/wp-content\/uploads\/2022\/05\/TELCO-RIB-300x86.png 300w\" sizes=\"auto, (max-width: 311px) 100vw, 311px\" \/><\/figure><\/div>\r\n\r\n\r\n\r\n<\/td><td width=50% style=\"vertical-align:top;\">\r\n\r\n\r\n\r\n<a href=\"http:\/\/www.justuxia.fi\/lammitysratkaisut\/marine-lammittimet\/\"><strong>MARINE L\u00c4MMITTIMET<\/strong><\/a>\r\nLaiva- ja offshore-l\u00e4mmittimien on t\u00e4ytett\u00e4v\u00e4 eritt\u00e4in korkeat turvallisuusvaatimukset. Justuxian Telco Marine-l\u00e4mmittimet on valmistettu kokonaan ruostumattomista materiaaleista: alumiiniprofiileista, ter\u00e4s\/alumiinil\u00e4mp\u00f6elementeist\u00e4 ja vesitiivis kytkent\u00e4kotelosta muovista. L\u00e4mmitin on rakennettu t\u00e4rin\u00e4\u00e4 vaimentavilla ruuveilla ja kiinteill\u00e4 sein\u00e4kiinnikkeill\u00e4. \r\n\r\n\r\n\r\n<\/td><\/tr><tr><td width=50% style=\"vertical-align:top;\">\r\n\r\n\r\n\r\n<div class=\"wp-block-image\"><figure class=\"alignleft size-large is-resized\"><a href=\"http:\/\/www.justuxia.fi\/lammitysratkaisut\/kulkukaytavien-anti-ice-paneelit\/\"><img loading=\"lazy\" decoding=\"async\" src=\"http:\/\/www.justuxia.fi\/wp-content\/uploads\/2022\/05\/IceStop_Stairs4--2048x1536.jpg\" alt=\"\" class=\"wp-image-421\" width=\"307\" height=\"230\" srcset=\"https:\/\/www.justuxia.fi\/wp-content\/uploads\/2022\/05\/IceStop_Stairs4--2048x1536.jpg 2048w, https:\/\/www.justuxia.fi\/wp-content\/uploads\/2022\/05\/IceStop_Stairs4--300x225.jpg 300w, https:\/\/www.justuxia.fi\/wp-content\/uploads\/2022\/05\/IceStop_Stairs4--768x576.jpg 768w, https:\/\/www.justuxia.fi\/wp-content\/uploads\/2022\/05\/IceStop_Stairs4--1536x1152.jpg 1536w\" sizes=\"auto, (max-width: 307px) 100vw, 307px\" \/><\/a><\/figure><\/div>\r\n\r\n\r\n\r\n<\/td><td width=50% style=\"vertical-align:top;\">\r\n\r\n\r\n\r\n<a href=\"http:\/\/www.justuxia.fi\/lammitysratkaisut\/kulkukaytavien-anti-ice-paneelit\/\"><strong>KULKUK\u00c4YT\u00c4VIEN ANTI-ICE PANELIT<\/strong><\/a>\r\nArktisten laivojen kansien sulana pitoon suunniteltu IceStop-l\u00e4mp\u00f6elementti on mainio j\u00e4\u00e4nestoratkaisu kaikelle vesiliikenteelle ja teollisuuslaitoksille. Itses\u00e4\u00e4tyv\u00e4ll\u00e4 l\u00e4mp\u00f6kaapelilla varustettu ohut paneeli pit\u00e4\u00e4 j\u00e4\u00e4n loitolla ja pinnat kuivina. Saatavilla my\u00f6s ratkaisut liukkaudeneston kaikkiin tarpeisiin teollisuudessa ja julkisissa tiloissa. \r\n\r\n\r\n\r\n<\/td><\/tr><\/table>\r\n","protected":false},"excerpt":{"rendered":"<p>Justuxialta saatavilla toimivat ja kustannustehokkaat l\u00e4mmitysratkaisut niin teollisuuden, laivanrakennusteollisuuden, kuin r\u00e4j\u00e4hdysvaarallisten tilojen kaikenlaisiin tarpeisiin. Valikoimassamme on T2RIB IP44 marine l\u00e4pivirtausl\u00e4mmittimet, IceStop l\u00e4mmitinpaneelit laivojen kulkuk\u00e4yt\u00e4ville, sek\u00e4 liukkauden torjuntaan yleisiss\u00e4 tiloissa ja my\u00f6skin laaja valikoima ATEX l\u00e4mmittimi\u00e4 tilojen ja nesteiden l\u00e4mmitystarpeisiin. ATEX TILOJEN L\u00c4MMITTIMET Kattava valikoima l\u00e4mmittimi\u00e4 ATEX tiloihin, kaikenlaiset ilman ja nesteen l\u00e4mmittimet joko standardiratkaisuna tai [&hellip;]<\/p>\n","protected":false},"author":1,"featured_media":0,"parent":0,"menu_order":0,"comment_status":"closed","ping_status":"closed","template":"","meta":{"footnotes":""},"class_list":["post-34","page","type-page","status-publish","hentry","post"],"translation":{"provider":"WPGlobus","version":"3.0.0","language":"en","enabled_languages":["fi","en"],"languages":{"fi":{"title":true,"content":true,"excerpt":false},"en":{"title":false,"content":false,"excerpt":false}}},"_links":{"self":[{"href":"https:\/\/www.justuxia.fi\/en\/wp-json\/wp\/v2\/pages\/34","targetHints":{"allow":["GET"]}}],"collection":[{"href":"https:\/\/www.justuxia.fi\/en\/wp-json\/wp\/v2\/pages"}],"about":[{"href":"https:\/\/www.justuxia.fi\/en\/wp-json\/wp\/v2\/types\/page"}],"author":[{"embeddable":true,"href":"https:\/\/www.justuxia.fi\/en\/wp-json\/wp\/v2\/users\/1"}],"replies":[{"embeddable":true,"href":"https:\/\/www.justuxia.fi\/en\/wp-json\/wp\/v2\/comments?post=34"}],"version-history":[{"count":22,"href":"https:\/\/www.justuxia.fi\/en\/wp-json\/wp\/v2\/pages\/34\/revisions"}],"predecessor-version":[{"id":909,"href":"https:\/\/www.justuxia.fi\/en\/wp-json\/wp\/v2\/pages\/34\/revisions\/909"}],"wp:attachment":[{"href":"https:\/\/www.justuxia.fi\/en\/wp-json\/wp\/v2\/media?parent=34"}],"curies":[{"name":"wp","href":"https:\/\/api.w.org\/{rel}","templated":true}]}}