{"id":313,"date":"2022-04-21T14:40:59","date_gmt":"2022-04-21T14:40:59","guid":{"rendered":"http:\/\/www.justuxia.fi\/?page_id=313"},"modified":"2025-05-28T16:15:50","modified_gmt":"2025-05-28T16:15:50","slug":"teollisuusvalaisimet","status":"publish","type":"page","link":"https:\/\/www.justuxia.fi\/en\/valaisimet\/teollisuusvalaisimet\/","title":{"rendered":"Ilkivalta valaisimet ja teollisuusvalaisimet"},"content":{"rendered":"\n<p>Olemme erikoistuneet vaativien teollisuusymp\u00e4rist\u00f6jen valaistusratkaisuihin, joissa turvallisuus, pitk\u00e4 k\u00e4ytt\u00f6ik\u00e4 ja huoltovapaus ovat keskeisi\u00e4 vaatimuksia. Valikoimaamme kuuluvat Chalmitin ja Remontowan korkealaatuiset LED-valaisimet, jotka on suunniteltu vastaamaan teollisuuden olosuhteisiin \u2013 my\u00f6s silloin, kun ymp\u00e4rist\u00f6olosuhteet ovat erityisen vaativat. \n<br><br>\nValaisimien suunnittelussa on huomioitu asennettavuus, energiatehokkuus ja valaistustehokkuus koko elinkaaren ajalta. Ne soveltuvat erinomaisesti tiloihin, joissa tarvitaan toimintavarmuutta ja valon laatua ilman kompromisseja. Kun tavoitteena on luotettava valaistusratkaisu vaativaan ymp\u00e4rist\u00f6\u00f6n \u2013 meilt\u00e4 l\u00f6yd\u00e4t siihen oikeat tuotteet ja asiantuntemuksen<\/p>\n\n\n\n<table><tr><td width=40%>\n\n\n<div class=\"wp-block-image\">\n<figure class=\"alignleft size-full is-resized\"><img loading=\"lazy\" decoding=\"async\" src=\"http:\/\/www.justuxia.fi\/wp-content\/uploads\/2025\/05\/arran_x_teo.jpg\" width=\"350\" height=\"350\"\/><\/figure><\/div>\n\n\n<\/td><td width=60% style=\"vertical-align:top;\">\n\n\n\n<p><strong>ARRAN X \u2013 TEOLLISUUDEN LED-VALONHEITIN<\/strong><br>\nArran X on Chalmitin uuden sukupolven teollisuusvalaisin, joka on suunniteltu vaativimpiin k\u00e4ytt\u00f6ymp\u00e4rist\u00f6ihin.  Valaisin tarjoaa jopa 28 000 lumenin valotehon ja kattavan optiikkavalikoiman: ep\u00e4symmetrinen, kapea, leve\u00e4 ja eritt\u00e4in leve\u00e4 valonjako. Kompakti ja kest\u00e4v\u00e4 runko on valmistettu kuparittomasta merialumiinista ja suojattu epoksimaalauksella. Avautuva \u201dclamshell\u201d-kytkent\u00e4kotelo mahdollistaa nopean ja esteett\u00f6m\u00e4n asennuksen. Intelligent Battery Backup -mallit tarjoavat itsevalvonnan, testauksen ja n\u00e4kyv\u00e4n vikadiagnostiikan. K\u00e4ytt\u00f6l\u00e4mp\u00f6tila -50\u2026+55 \u00b0C, paino 11,3 kg. Soveltuu esimerkiksi teollisuushalleihin, varastoihin ja ulkoalueille.<\/p>\n\n\n\n<\/td><\/tr><tr><td width=40%>\n\n\n<div class=\"wp-block-image\">\n<figure class=\"alignleft size-large is-resized\"><img loading=\"lazy\" decoding=\"async\" src=\"http:\/\/www.justuxia.fi\/wp-content\/uploads\/2025\/05\/sterling_teo.jpg\" width=\"325\" height=\"325\"\/><\/figure><\/div>\n\n\n<\/td><td width=60% style=\"vertical-align:top;\">\n\n\n\n<p><strong>STERLING III \u2013 EDULLINEN JA TEHOKAS LINEAARIVALAISIN<\/strong><br>\nSterling III on kustannustehokas ja kevyt lineaarivalaisin, joka soveltuu erinomaisesti yleisteollisuuden valaistustarpeisiin. Valotehot 3590\u20138800 lumenin v\u00e4lill\u00e4 ja k\u00e4ytt\u00f6ymp\u00e4rist\u00f6jen l\u00e4mp\u00f6tilat -20\u2026+55 \u00b0C (EM-mallit -20\u2026+50 \u00b0C).  Rungon materiaali on iskunkest\u00e4v\u00e4\u00e4 GRP-muovia, ja valaisin on suojattu IP65-luokituksen mukaisesti. Saatavana my\u00f6s 3h \/ EM versio. Helppo asennus nopean avausmekanismin ansiosta. Valittavissa my\u00f6s DALI-ohjaus ja 3000K, 4000K tai 5000K LED-v\u00e4ril\u00e4mp\u00f6tilat. Monipuoliset kiinnitysvaihtoehdot kattoon, sein\u00e4lle, tankoon tai ripustettuna.\n<\/p>\n\n\n\n<\/td><\/tr><tr><td width=40%>\n\n\n<div class=\"wp-block-image\">\n<figure class=\"alignleft size-full is-resized\"><img loading=\"lazy\" decoding=\"async\" src=\"http:\/\/www.justuxia.fi\/wp-content\/uploads\/2025\/05\/eclipse_x.jpg\" width=\"325\" height=\"325\"\/><\/figure><\/div>\n\n\n<\/td><td width=60% style=\"vertical-align:top;\">\n\n\n\n<p style=\"margin-top:-20px;\"><br><br><strong>ECLIPSE X \u2013 HIGH BAY -VALAISIN TEOLLISUUDEN KORKEISIIN TILOIHIN<\/strong><br>\nEclipse X on Chalmitin uusi LED High Bay -valaisin, joka on suunniteltu erityisesti korkeiden tilojen tehokkaaseen ja kest\u00e4v\u00e4\u00e4n valaistukseen. Valaisimessa on irrotettava saranamekanismi, joka mahdollistaa nopean asennuksen ja huollon yhdelt\u00e4 henkil\u00f6lt\u00e4 ilman lis\u00e4tukea. Saatavana valotehot 5000\u201328 000 lm ja energiatehokkuus on jopa 134 lm\/W. Kest\u00e4v\u00e4, kupariton alumiinirunko on epoksimaalattu ja IP66-suojattu. K\u00e4ytt\u00f6l\u00e4mp\u00f6tila-alue -40\u2026+55 \u00b0C, k\u00e4ytt\u00f6ik\u00e4 yli 100 000 tuntia (L70). Soveltuu varastoihin, tuotantotiloihin ja huoltohalleihin.<\/p>\n\n\n<\/td><\/tr><tr><td width=40%>\n\n\n<div class=\"wp-block-image\">\n<figure class=\"alignleft size-full is-resized\"><img loading=\"lazy\" decoding=\"async\" src=\"http:\/\/www.justuxia.fi\/wp-content\/uploads\/2025\/05\/neo_x.jpg\" width=\"325\" height=\"356\"\/><\/figure><\/div>\n\n\n<\/td><td width=60% style=\"vertical-align:top;\">\n\n\n\n<p style=\"margin-top:-20px;\"><br><br><strong>UUTTA TULOSSA:  NEO X<\/strong><br>\nSuosittu NEO X -valaisin julkaistaan vuoden 2025 aikana my\u00f6s teollisuusversiona! T\u00e4m\u00e4 kompakti ja tehokas ratkaisu sopii erityisesti k\u00e4yt\u00e4v\u00e4- ja kohdevalaistukseen teollisuusymp\u00e4rist\u00f6iss\u00e4.<\/p>\n\n\n\n<\/td><\/tr><tr><td width=40%>\n\n\n<div class=\"wp-block-image\">\n<figure class=\"alignleft size-full is-resized\"><img loading=\"lazy\" decoding=\"async\" src=\"http:\/\/www.justuxia.fi\/wp-content\/uploads\/2025\/05\/tlp_44.jpg\" width=\"325\" height=\"217\"\/><\/figure><\/div>\n\n\n<\/td><td width=60% style=\"vertical-align:top;\">\n\n\n\n<p style=\"margin-top:-20px;\"><strong>TLP 44 MLED ZT \u2013 Teollisuuden vankka ja kest\u00e4v\u00e4 yleisvalaisin -40\u00b0C saakka<\/strong><br>\nTLP 44 MLED ZT on kompakti ja luotettava LED-valaisin, joka on suunniteltu erityisesti teollisuuden yleisvalaistukseen haastavissa l\u00e4mp\u00f6tiloissa. Valaisin hyv\u00e4ksytty -40 \u00b0C l\u00e4mp\u00f6tilaan, mik\u00e4 tekee siit\u00e4 sopivan kylmiin varastoihin, tuotantotiloihin ja ulkok\u00e4ytt\u00f6\u00f6n. \n<br><br>\nValoteho on 3500 lm tai 7000 lm mallista riippuen, ja energiankulutus on vastaavasti 24 W tai 48 W. Valaisin korvaa tehokkaasti 2x18W tai 2x36W T8-loisteputkivalaisimet, tarjoten selke\u00e4n energians\u00e4\u00e4st\u00f6n ja pidemm\u00e4n elinkaaren.<\/p>\n\n\n\n<\/td><\/tr><tr><td width=40%>\n\n\n<div class=\"wp-block-image\">\n<figure class=\"alignleft size-full is-resized\"><img loading=\"lazy\" decoding=\"async\" src=\"http:\/\/www.justuxia.fi\/wp-content\/uploads\/2025\/05\/tlp_44-1.jpg\" width=\"325\" height=\"239\"\/><\/figure><\/div>\n\n\n<\/td><td width=60% style=\"vertical-align:top;\">\n\n\n\n<p style=\"margin-top:-20px;\"><br><br><strong>TLP 44 MLED WT \u2013 Korkean l\u00e4mp\u00f6tilan valaisin jopa +70 \u00b0C olosuhteisiin<\/strong><br>\nTLP 44 MLED WT on suunniteltu kest\u00e4m\u00e4\u00e4n korkeita ymp\u00e4rist\u00f6l\u00e4mp\u00f6tiloja \u2013 jopa +70 \u00b0C saakka. Se on erinomainen ratkaisu esimerkiksi l\u00e4mpimiss\u00e4 tuotantotiloissa, konehuoneissa tai teollisuuden kohteissa, joissa perinteiset LED-valaisimet eiv\u00e4t kest\u00e4isi.\n<br><br>\nSaatavana kahdessa teholuokassa (24 W \/ 3500 lm ja 48 W \/ 7000 lm), valaisin tarjoaa luotettavaa suorituskyky\u00e4 vaativissa olosuhteissa. Rungon mitoitus ja valonjako on optimoitu tehokkaaseen yleisvalaistukseen sek\u00e4 perinteisten 2x18W tai 2x36W loisteputkivalaisimien korvaamiseen.<\/p>\n\n\n<\/td><\/tr><\/table>\n","protected":false},"excerpt":{"rendered":"<p>Olemme erikoistuneet vaativien teollisuusymp\u00e4rist\u00f6jen valaistusratkaisuihin, joissa turvallisuus, pitk\u00e4 k\u00e4ytt\u00f6ik\u00e4 ja huoltovapaus ovat keskeisi\u00e4 vaatimuksia. Valikoimaamme kuuluvat Chalmitin ja Remontowan korkealaatuiset LED-valaisimet, jotka on suunniteltu vastaamaan teollisuuden olosuhteisiin \u2013 my\u00f6s silloin, kun ymp\u00e4rist\u00f6olosuhteet ovat erityisen vaativat. Valaisimien suunnittelussa on huomioitu asennettavuus, energiatehokkuus ja valaistustehokkuus koko elinkaaren ajalta. Ne soveltuvat erinomaisesti tiloihin, joissa tarvitaan toimintavarmuutta ja valon [&hellip;]<\/p>\n","protected":false},"author":1,"featured_media":0,"parent":26,"menu_order":0,"comment_status":"closed","ping_status":"closed","template":"","meta":{"footnotes":""},"class_list":["post-313","page","type-page","status-publish","hentry","post"],"translation":{"provider":"WPGlobus","version":"3.0.0","language":"en","enabled_languages":["fi","en"],"languages":{"fi":{"title":true,"content":true,"excerpt":false},"en":{"title":false,"content":false,"excerpt":false}}},"_links":{"self":[{"href":"https:\/\/www.justuxia.fi\/en\/wp-json\/wp\/v2\/pages\/313","targetHints":{"allow":["GET"]}}],"collection":[{"href":"https:\/\/www.justuxia.fi\/en\/wp-json\/wp\/v2\/pages"}],"about":[{"href":"https:\/\/www.justuxia.fi\/en\/wp-json\/wp\/v2\/types\/page"}],"author":[{"embeddable":true,"href":"https:\/\/www.justuxia.fi\/en\/wp-json\/wp\/v2\/users\/1"}],"replies":[{"embeddable":true,"href":"https:\/\/www.justuxia.fi\/en\/wp-json\/wp\/v2\/comments?post=313"}],"version-history":[{"count":48,"href":"https:\/\/www.justuxia.fi\/en\/wp-json\/wp\/v2\/pages\/313\/revisions"}],"predecessor-version":[{"id":986,"href":"https:\/\/www.justuxia.fi\/en\/wp-json\/wp\/v2\/pages\/313\/revisions\/986"}],"up":[{"embeddable":true,"href":"https:\/\/www.justuxia.fi\/en\/wp-json\/wp\/v2\/pages\/26"}],"wp:attachment":[{"href":"https:\/\/www.justuxia.fi\/en\/wp-json\/wp\/v2\/media?parent=313"}],"curies":[{"name":"wp","href":"https:\/\/api.w.org\/{rel}","templated":true}]}}