{"id":31,"date":"2022-01-17T19:13:02","date_gmt":"2022-01-17T19:13:02","guid":{"rendered":"http:\/\/www.justuxia.fi\/?page_id=31"},"modified":"2025-03-21T12:07:38","modified_gmt":"2025-03-21T12:07:38","slug":"kaapeliasennustarvikkeet","status":"publish","type":"page","link":"https:\/\/www.justuxia.fi\/en\/kaapeliasennustarvikkeet\/","title":{"rendered":"ATEX KAAPELIASENNUSTARVIKKEET"},"content":{"rendered":"\n<p>Justuxian, Hawken ja Killarkin pitk\u00e4aikainen osaaminen r\u00e4j\u00e4hdysvaarallisten tilojen kaapeliasennusratkaisuissa tarjoaa asiakkaalle turvallisen ja modernin ratkaisun kaikenlaisissa teollisuuden asennustarpeissa. Hawke on maailmanlaajuisesti tunnettu holkkitiivisteiden, pikaliittimien ja kytkent\u00e4koteloiden valmistaja, joka yleens\u00e4 on loppuk\u00e4ytt\u00e4jien hyv\u00e4ksyttyjen projektitoimittajien listalla. Killark valikoimasta l\u00f6ytyy tuotteet UL-hyv\u00e4ksynn\u00f6ill\u00e4, kun Hawke tuotteilla on yleens\u00e4 ATEX &amp; IECEx\nhyv\u00e4ksynn\u00e4t. Muut hyv\u00e4ksynn\u00e4t kysytt\u00e4ess\u00e4!\n<br><br>\n<\/p>\n\n\n\n<table><tr><td width=40% style=\"vertical-align:top;\">\n\n\n<div class=\"wp-block-image\">\n<figure class=\"alignleft size-large is-resized\"><a href=\"http:\/\/www.justuxia.fi\/kaapeliasennustarvikkeet\/atex-holkkitiivisteet\/\"><img loading=\"lazy\" decoding=\"async\" src=\"http:\/\/www.justuxia.fi\/wp-content\/uploads\/2022\/05\/PIC_0174-2048x1300.jpg\" alt=\"\" class=\"wp-image-363\" width=\"371\" height=\"235\" srcset=\"https:\/\/www.justuxia.fi\/wp-content\/uploads\/2022\/05\/PIC_0174-2048x1300.jpg 2048w, https:\/\/www.justuxia.fi\/wp-content\/uploads\/2022\/05\/PIC_0174-300x190.jpg 300w, https:\/\/www.justuxia.fi\/wp-content\/uploads\/2022\/05\/PIC_0174-768x487.jpg 768w, https:\/\/www.justuxia.fi\/wp-content\/uploads\/2022\/05\/PIC_0174-1536x975.jpg 1536w\" sizes=\"auto, (max-width: 371px) 100vw, 371px\" \/><\/a><\/figure><\/div>\n\n\n<\/td><td width=60% style=\"vertical-align:top;\">\n\n\n\n<p><p style=\"margin-top:-15px;\"><a href=\"http:\/\/www.justuxia.fi\/kaapeliasennustarvikkeet\/atex-holkkitiivisteet\/\"><strong>ATEX HOLKKITIIVISTEET<\/strong><\/a>\nJustuxia varastoi ja toimittaa r\u00e4j\u00e4hdysvaarallisen tilan ja teollisuuden metallisia holkkitiivisteit\u00e4 kaikenlaisille kaapeleille. Tuotteet ovat tunnettuja merkkej\u00e4 ja niill\u00e4 on kattavat kansainv\u00e4liset hyv\u00e4ksynn\u00e4t, kuten UL, NEC&#8230;<\/p><\/p>\n\n\n\n<\/td><\/tr><tr><td width=40% style=\"vertical-align:top;\">\n\n\n<div class=\"wp-block-image\">\n<figure class=\"alignleft size-large is-resized\"><a href=\"http:\/\/www.justuxia.fi\/kaapeliasennustarvikkeet\/atex-pikaliittimet\/\"><img loading=\"lazy\" decoding=\"async\" src=\"http:\/\/www.justuxia.fi\/wp-content\/uploads\/2022\/05\/ControlEx-kuva-2048x1499.jpg\" alt=\"\" class=\"wp-image-369\" width=\"371\" height=\"271\" srcset=\"https:\/\/www.justuxia.fi\/wp-content\/uploads\/2022\/05\/ControlEx-kuva-2048x1499.jpg 2048w, https:\/\/www.justuxia.fi\/wp-content\/uploads\/2022\/05\/ControlEx-kuva-300x220.jpg 300w, https:\/\/www.justuxia.fi\/wp-content\/uploads\/2022\/05\/ControlEx-kuva-768x562.jpg 768w, https:\/\/www.justuxia.fi\/wp-content\/uploads\/2022\/05\/ControlEx-kuva-1536x1124.jpg 1536w\" sizes=\"auto, (max-width: 371px) 100vw, 371px\" \/><\/a><\/figure><\/div>\n\n\n<\/td><td width=60% style=\"vertical-align:top;\">\n\n\n\n<p><p style=\"margin-top:-15px;\"><a href=\"http:\/\/www.justuxia.fi\/kaapeliasennustarvikkeet\/atex-pikaliittimet\/\"><strong>ATEX PIKALIITTIMET<\/strong><\/a>\nHawke r\u00e4j\u00e4hdysvaarallisen tilan ja teollisuuden pikaliittimet voima- ja ohjauskaapeleille. Hyv\u00e4ksytty eurooppalaisen ATEX, kansainv\u00e4lisen IECEx, ven\u00e4l\u00e4isen ja kazakstanilaisen GOST\/EAC, kiinalaisen GB ja kanadalaisen CSA standardien mukaisesti. \u201dHawke International on laatua, luotettavuutta ja turvallisuutta arvostavan k\u00e4ytt\u00e4j\u00e4n valinta!\u201d<\/p><\/p>\n\n\n\n<\/td><\/tr><tr><td width=40% style=\"vertical-align:top;\">\n\n\n<div class=\"wp-block-image\">\n<figure class=\"alignleft size-large is-resized\"><a href=\"http:\/\/www.justuxia.fi\/kaapeliasennustarvikkeet\/atex-kytkentakotelot\/\"><img loading=\"lazy\" decoding=\"async\" src=\"http:\/\/www.justuxia.fi\/wp-content\/uploads\/2022\/05\/HKE_PL511_3484_View3-e1652185259193-edited-4.jpg\" alt=\"\" class=\"wp-image-481\" width=\"370\" height=\"312\" srcset=\"https:\/\/www.justuxia.fi\/wp-content\/uploads\/2022\/05\/HKE_PL511_3484_View3-e1652185259193-edited-4.jpg 1346w, https:\/\/www.justuxia.fi\/wp-content\/uploads\/2022\/05\/HKE_PL511_3484_View3-e1652185259193-edited-4-300x254.jpg 300w, https:\/\/www.justuxia.fi\/wp-content\/uploads\/2022\/05\/HKE_PL511_3484_View3-e1652185259193-edited-4-768x650.jpg 768w\" sizes=\"auto, (max-width: 370px) 100vw, 370px\" \/><\/a><\/figure><\/div>\n\n\n<\/td><td width=60% style=\"vertical-align:top;\">\n\n\n\n<p><p style=\"margin-top:-15px;\"><a href=\"http:\/\/www.justuxia.fi\/kaapeliasennustarvikkeet\/atex-kytkentakotelot\/\"><strong>ATEX KYTKENT\u00c4KOTELOT<\/strong><\/a>\nMeill\u00e4 on laaja valikoima r\u00e4j\u00e4hdysvaarallisten tilojen kytkent\u00e4koteloita, sek\u00e4 Exe, ett\u00e4 Exd tiloihin. Edullisen sarjan GRP kotelot (II 2 GD Exe IIC Gb) on valmistettu iskunkest\u00e4v\u00e4st\u00e4 lasikuituvahvisteisesta polyesterist\u00e4 ja soveltuu mataliin ja korkeisiin l\u00e4mp\u00f6tiloihin, jopa -60\u00b0C \u2013 +75\u00b0C. HAWKE S \u2013 sarja, AISI316 \u2013 kytkent\u00e4kotelot ruostumattomasta ter\u00e4ksest\u00e4 (II 2 GD Exe II ExtD) soveltuu hankalimpiin asennuskohteisiin, joissa Exe luokittelu on riitt\u00e4v\u00e4. Killarkin Ex d \u2013 r\u00e4j\u00e4hdyspaineen kest\u00e4v\u00e4t kotelot valmistetaan ja tyypitet\u00e4\u00e4n aina asiakkaan vaatimusten mukaan. Killark tuotteilla on my\u00f6s amerikkalaiset UL-hyv\u00e4ksynn\u00e4t!<\/p><\/p>\n\n\n\n<\/td><\/tr><tr><td width=40% style=\"vertical-align:top;\">\n\n\n<div class=\"wp-block-image\">\n<figure class=\"alignleft size-full is-resized\"><a href=\"http:\/\/www.justuxia.fi\/kaapeliasennustarvikkeet\/atex-ohjauskalusteet\/\"><img loading=\"lazy\" decoding=\"async\" src=\"http:\/\/www.justuxia.fi\/wp-content\/uploads\/2022\/05\/featuresimage.png\" alt=\"\" class=\"wp-image-398\" width=\"369\" height=\"295\" srcset=\"https:\/\/www.justuxia.fi\/wp-content\/uploads\/2022\/05\/featuresimage.png 955w, https:\/\/www.justuxia.fi\/wp-content\/uploads\/2022\/05\/featuresimage-300x240.png 300w, https:\/\/www.justuxia.fi\/wp-content\/uploads\/2022\/05\/featuresimage-768x614.png 768w\" sizes=\"auto, (max-width: 369px) 100vw, 369px\" \/><\/a><\/figure><\/div>\n\n\n<\/td><td width=60% style=\"vertical-align:top;\">\n\n\n\n<p><p style=\"margin-top:-15px;\"><a href=\"http:\/\/www.justuxia.fi\/kaapeliasennustarvikkeet\/atex-ohjauskalusteet\/\"><strong>ATEX OHJAUSKALUSTEET<\/strong><\/a>\nHawken HazCon r\u00e4\u00e4t\u00e4l\u00f6it\u00e4v\u00e4t ohjauskalusteet ovat saatavilla GRP ja AISI316 rungolla.\nATEX- ja IECEx-sertifioitu Zone 1\/21- ja Zone 2\/22 alueille<\/p><\/p>\n\n\n\n<\/td><\/tr><tr><td width=40% style=\"vertical-align:top;\">\n\n\n<div class=\"wp-block-image\">\n<figure class=\"alignleft size-full is-resized\"><a href=\"http:\/\/www.justuxia.fi\/kaapeliasennustarvikkeet\/atex-teollisuuden-puhelimet\/\"><img loading=\"lazy\" decoding=\"async\" src=\"http:\/\/www.justuxia.fi\/wp-content\/uploads\/2022\/05\/GTC-AUTELDAC6-CC-V1-2.jpg\" alt=\"\" class=\"wp-image-404\" width=\"364\" height=\"485\" srcset=\"https:\/\/www.justuxia.fi\/wp-content\/uploads\/2022\/05\/GTC-AUTELDAC6-CC-V1-2.jpg 900w, https:\/\/www.justuxia.fi\/wp-content\/uploads\/2022\/05\/GTC-AUTELDAC6-CC-V1-2-225x300.jpg 225w, https:\/\/www.justuxia.fi\/wp-content\/uploads\/2022\/05\/GTC-AUTELDAC6-CC-V1-2-768x1024.jpg 768w\" sizes=\"auto, (max-width: 364px) 100vw, 364px\" \/><\/a><\/figure><\/div>\n\n\n<\/td><td width=60% style=\"vertical-align:top;\">\n\n\n\n<p><p style=\"margin-top:-15px;\"><a href=\"http:\/\/www.justuxia.fi\/kaapeliasennustarvikkeet\/atex-teollisuuden-puhelimet\/\"><strong>PUHELINJ\u00c4RJESTELM\u00c4T<\/strong><\/a>\nGAI-Tronics on johtava erityisolosuhteisiin ja ATEX-alueelle tarkoitettujen viestint\u00e4tuotteiden ja -j\u00e4rjestelmien suunnittelija ja valmistaja. Miss\u00e4 tavalliset ratkaisut eiv\u00e4t olisi riitt\u00e4v\u00e4n kest\u00e4vi\u00e4 vaadittuun k\u00e4ytt\u00f6\u00f6n ja olosuhteisiin, GAI-Tronicsilta l\u00f6yd\u00e4t valikoiman vandaalinkest\u00e4vi\u00e4 puhelimia, r\u00e4j\u00e4hdysvaarallisen alueen puhelimia, sek\u00e4 muut viestint\u00e4laitteet kaikkeen s\u00e4\u00e4n- tai iskunkest\u00e4vyytt\u00e4 vaativiin kohteisiin.<\/p><\/p>\n\n\n\n<\/td><\/tr><\/table>\n","protected":false},"excerpt":{"rendered":"<p>Justuxian, Hawken ja Killarkin pitk\u00e4aikainen osaaminen r\u00e4j\u00e4hdysvaarallisten tilojen kaapeliasennusratkaisuissa tarjoaa asiakkaalle turvallisen ja modernin ratkaisun kaikenlaisissa teollisuuden asennustarpeissa. Hawke on maailmanlaajuisesti tunnettu holkkitiivisteiden, pikaliittimien ja kytkent\u00e4koteloiden valmistaja, joka yleens\u00e4 on loppuk\u00e4ytt\u00e4jien hyv\u00e4ksyttyjen projektitoimittajien listalla. Killark valikoimasta l\u00f6ytyy tuotteet UL-hyv\u00e4ksynn\u00f6ill\u00e4, kun Hawke tuotteilla on yleens\u00e4 ATEX &amp; IECEx hyv\u00e4ksynn\u00e4t. Muut hyv\u00e4ksynn\u00e4t kysytt\u00e4ess\u00e4! ATEX HOLKKITIIVISTEET Justuxia varastoi [&hellip;]<\/p>\n","protected":false},"author":1,"featured_media":0,"parent":0,"menu_order":0,"comment_status":"closed","ping_status":"closed","template":"","meta":{"footnotes":""},"class_list":["post-31","page","type-page","status-publish","hentry","post"],"translation":{"provider":"WPGlobus","version":"3.0.0","language":"en","enabled_languages":["fi","en"],"languages":{"fi":{"title":true,"content":true,"excerpt":false},"en":{"title":false,"content":false,"excerpt":false}}},"_links":{"self":[{"href":"https:\/\/www.justuxia.fi\/en\/wp-json\/wp\/v2\/pages\/31","targetHints":{"allow":["GET"]}}],"collection":[{"href":"https:\/\/www.justuxia.fi\/en\/wp-json\/wp\/v2\/pages"}],"about":[{"href":"https:\/\/www.justuxia.fi\/en\/wp-json\/wp\/v2\/types\/page"}],"author":[{"embeddable":true,"href":"https:\/\/www.justuxia.fi\/en\/wp-json\/wp\/v2\/users\/1"}],"replies":[{"embeddable":true,"href":"https:\/\/www.justuxia.fi\/en\/wp-json\/wp\/v2\/comments?post=31"}],"version-history":[{"count":30,"href":"https:\/\/www.justuxia.fi\/en\/wp-json\/wp\/v2\/pages\/31\/revisions"}],"predecessor-version":[{"id":905,"href":"https:\/\/www.justuxia.fi\/en\/wp-json\/wp\/v2\/pages\/31\/revisions\/905"}],"wp:attachment":[{"href":"https:\/\/www.justuxia.fi\/en\/wp-json\/wp\/v2\/media?parent=31"}],"curies":[{"name":"wp","href":"https:\/\/api.w.org\/{rel}","templated":true}]}}