{"id":309,"date":"2022-04-21T12:56:18","date_gmt":"2022-04-21T12:56:18","guid":{"rendered":"http:\/\/www.justuxia.fi\/?page_id=309"},"modified":"2025-05-30T18:55:05","modified_gmt":"2025-05-30T18:55:05","slug":"helikopterikentan-valaisimet","status":"publish","type":"page","link":"https:\/\/www.justuxia.fi\/en\/valaisimet\/helikopterikentan-valaisimet\/","title":{"rendered":"Helikopterikent\u00e4n valaistus ja lentoestevalot"},"content":{"rendered":"\n<p>Valikoimamme kattaa korkealaatuiset ja s\u00e4\u00e4d\u00f6sten mukaiset valaistusratkaisut helikopterien laskeutumisalueille \u2013 niin r\u00e4j\u00e4hdysvaarallisiin (ATEX) tiloihin kuin muihin vaativiin asennusolosuhteisiin. Toimitamme ratkaisuja esimerkiksi rakennusten katoille sijoitettaviin HEMS-laskeutumisalueisiin, laivojen helideck-valaistuksiin sek\u00e4 offshore-alustojen helikopterikansien ohjaukseen ja merkint\u00e4\u00e4n.\n<br><br>\nLentoestevalaisimet ovat olennainen osa turvallista lentotoimintaa erityisesti helikopterikenttien, satamarakenteiden, korkeiden mastojen, nostureiden, tuulivoimaloiden ja rakennusten yhteydess\u00e4. Niiden tarkoituksena on varoittaa ilmailua mahdollisesti vaarallisista esteist\u00e4 erityisesti h\u00e4m\u00e4r\u00e4ss\u00e4, pime\u00e4ss\u00e4 ja huonon n\u00e4kyvyyden olosuhteissa.\n<br><br>\nJustuxia Oy:n lentoestevalaisinvalikoima t\u00e4ytt\u00e4\u00e4 ICAO Annex 14, FAA ja EASA vaatimukset, valaisimet soveltuvat sek\u00e4 onshore- ett\u00e4 offshore-ymp\u00e4rist\u00f6ihin ja kest\u00e4v\u00e4t vaativia s\u00e4\u00e4olosuhteita. Autamme mielell\u00e4mme oikean tuotteen ja valaisinm\u00e4\u00e4r\u00e4n m\u00e4\u00e4rittelyss\u00e4 lentoliikenneviranomaisten ohjeistusten mukaisesti.\n<br><br>\nKokonaistoimituksiimme voivat kuulua muun muassa:\n<ul>\n<li>FATO- ja TLOF-kehysvalaisimet \u2013 laskeutumisalueen selke\u00e4\u00e4n rajaamiseen<\/li>\n<li>L\u00e4hestymisvalaisimet \u2013 suunnattavat valot turvallisen l\u00e4hestymisen ohjaamiseen<\/li>\n<li>Lentoestevalaisimet \u2013 matalan ja korkean intensiteetin varoitusvalaisimet paikallisten m\u00e4\u00e4r\u00e4ysten ja ICAO-standardin mukaisesti<\/li>\n<li>Tuulipussit ja mastot \u2013 valaistut ja mekaanisesti kest\u00e4v\u00e4t mallit tuulen suunnan ja voimakkuuden havainnointiin<\/li>\n<li>Ohjauskeskukset ja virtal\u00e4hteet \u2013 manuaali- ja automaattiohjatut ratkaisut sek\u00e4 UPS-varmistukset<\/li>\n<li>Asennustarvikkeet ja varaosat \u2013 kaikki tarvittava helppoon k\u00e4ytt\u00f6\u00f6nottoon ja pitk\u00e4aikaiseen kunnossapitoon<\/li>\n<\/ul>\n<br><br>\nKaikki tuotteet ovat saatavilla my\u00f6s ATEX-sertifioituina, ja tarvittaessa r\u00e4\u00e4t\u00e4l\u00f6imme kokonaisuuden asiakkaan kohdevaatimusten ja viranomaism\u00e4\u00e4r\u00e4ysten mukaisesti.\n\n<\/p>\n\n\n\n<table border=0><tr><td width=50%>\n\n\n<div class=\"wp-block-image\">\n<figure class=\"aligncenter size-full is-resized\"><img loading=\"lazy\" decoding=\"async\" src=\"http:\/\/www.justuxia.fi\/wp-content\/uploads\/2025\/05\/helikopter_1.jpg\" width=\"361\" height=\"271\"\/><\/figure><\/div>\n\n\n<\/td><td width=50%\">\n\n\n<div class=\"wp-block-image\">\n<figure class=\"aligncenter size-full is-resized\"><img loading=\"lazy\" decoding=\"async\" src=\"http:\/\/www.justuxia.fi\/wp-content\/uploads\/2025\/05\/helikopter_3.jpg\" alt=\"\" width=\"403\" height=\"307\"\/><\/figure><\/div>\n\n\n<\/td><\/tr><tr><td width=50%>\n\n\n<div class=\"wp-block-image\">\n<figure class=\"aligncenter size-full is-resized\"><img loading=\"lazy\" decoding=\"async\" src=\"http:\/\/www.justuxia.fi\/wp-content\/uploads\/2025\/05\/helikopter_4.jpg\" width=\"360\" height=\"240\" \/><\/figure><\/div>\n\n\n<\/td><td width=50%\">\n\n\n<div class=\"wp-block-image\">\n<figure class=\"aligncenter size-full is-resized\"><img loading=\"lazy\" decoding=\"async\" src=\"http:\/\/www.justuxia.fi\/wp-content\/uploads\/2025\/05\/helikopter_valaisimet.jpg\" width=\"350\" height=\"210\" \/><\/figure><\/div>\n\n\n<\/td><\/tr><\/table>\n","protected":false},"excerpt":{"rendered":"<p>Valikoimamme kattaa korkealaatuiset ja s\u00e4\u00e4d\u00f6sten mukaiset valaistusratkaisut helikopterien laskeutumisalueille \u2013 niin r\u00e4j\u00e4hdysvaarallisiin (ATEX) tiloihin kuin muihin vaativiin asennusolosuhteisiin. Toimitamme ratkaisuja esimerkiksi rakennusten katoille sijoitettaviin HEMS-laskeutumisalueisiin, laivojen helideck-valaistuksiin sek\u00e4 offshore-alustojen helikopterikansien ohjaukseen ja merkint\u00e4\u00e4n. Lentoestevalaisimet ovat olennainen osa turvallista lentotoimintaa erityisesti helikopterikenttien, satamarakenteiden, korkeiden mastojen, nostureiden, tuulivoimaloiden ja rakennusten yhteydess\u00e4. Niiden tarkoituksena on varoittaa ilmailua mahdollisesti [&hellip;]<\/p>\n","protected":false},"author":1,"featured_media":0,"parent":26,"menu_order":0,"comment_status":"closed","ping_status":"closed","template":"","meta":{"footnotes":""},"class_list":["post-309","page","type-page","status-publish","hentry","post"],"translation":{"provider":"WPGlobus","version":"3.0.0","language":"en","enabled_languages":["fi","en"],"languages":{"fi":{"title":true,"content":true,"excerpt":false},"en":{"title":false,"content":false,"excerpt":false}}},"_links":{"self":[{"href":"https:\/\/www.justuxia.fi\/en\/wp-json\/wp\/v2\/pages\/309","targetHints":{"allow":["GET"]}}],"collection":[{"href":"https:\/\/www.justuxia.fi\/en\/wp-json\/wp\/v2\/pages"}],"about":[{"href":"https:\/\/www.justuxia.fi\/en\/wp-json\/wp\/v2\/types\/page"}],"author":[{"embeddable":true,"href":"https:\/\/www.justuxia.fi\/en\/wp-json\/wp\/v2\/users\/1"}],"replies":[{"embeddable":true,"href":"https:\/\/www.justuxia.fi\/en\/wp-json\/wp\/v2\/comments?post=309"}],"version-history":[{"count":31,"href":"https:\/\/www.justuxia.fi\/en\/wp-json\/wp\/v2\/pages\/309\/revisions"}],"predecessor-version":[{"id":1031,"href":"https:\/\/www.justuxia.fi\/en\/wp-json\/wp\/v2\/pages\/309\/revisions\/1031"}],"up":[{"embeddable":true,"href":"https:\/\/www.justuxia.fi\/en\/wp-json\/wp\/v2\/pages\/26"}],"wp:attachment":[{"href":"https:\/\/www.justuxia.fi\/en\/wp-json\/wp\/v2\/media?parent=309"}],"curies":[{"name":"wp","href":"https:\/\/api.w.org\/{rel}","templated":true}]}}