{"id":305,"date":"2022-04-21T12:51:43","date_gmt":"2022-04-21T12:51:43","guid":{"rendered":"http:\/\/www.justuxia.fi\/?page_id=305"},"modified":"2025-05-28T10:40:43","modified_gmt":"2025-05-28T10:40:43","slug":"rajahdysvaaralliset-tilan-valasimet","status":"publish","type":"page","link":"https:\/\/www.justuxia.fi\/en\/valaisimet\/rajahdysvaaralliset-tilan-valasimet\/","title":{"rendered":"ATEX valaisimet"},"content":{"rendered":"\n<p>Hubbell Group on sitoutunut k\u00e4ytt\u00e4m\u00e4\u00e4n tuotteissaan parasta saatavilla olevaa teknologia (BAT), joten tuotteita voidaan k\u00e4ytt\u00e4\u00e4 luottavaisin mielin pitk\u00e4kestoisissa ja vaativissa projekteissa luottaen, ett\u00e4 tuote on aina toimitushetkell\u00e4 ajanmukainen ja laadukas ratkaisu. Alla esiteltyn\u00e4 muutama k\u00e4rkituotteemme ATEX Zone 1\/22, Zone 2\/22 alueelle.<\/p>\n\n\n\n<table><tr><td width=40%>\n\n\n<div class=\"wp-block-image\">\n<figure class=\"alignleft size-full is-resized\"><img loading=\"lazy\" decoding=\"async\" src=\"http:\/\/www.justuxia.fi\/wp-content\/uploads\/2022\/04\/protectax_1.png\" alt=\"\" class=\"wp-image-315\" width=\"398\" height=\"265\" srcset=\"https:\/\/www.justuxia.fi\/wp-content\/uploads\/2022\/04\/protectax_1.png 800w, https:\/\/www.justuxia.fi\/wp-content\/uploads\/2022\/04\/protectax_1-300x200.png 300w, https:\/\/www.justuxia.fi\/wp-content\/uploads\/2022\/04\/protectax_1-768x512.png 768w, https:\/\/www.justuxia.fi\/wp-content\/uploads\/2022\/04\/protectax_1-272x182.png 272w\" sizes=\"auto, (max-width: 398px) 100vw, 398px\" \/><\/figure><\/div>\n\n\n<\/td><td width=60% style=\"vertical-align:top;\">\n\n\n\n<p><strong>PROTECTA X<\/strong><br>Protecta X on Chalmitin uuden sukupolven lineaarivalaisin, joka on suunniteltu erityisesti r\u00e4j\u00e4hdysvaarallisiin tiloihin (Zone 1\/21) ja vaativiin teollisuusymp\u00e4rist\u00f6ihin. Valaisin on kehitetty alusta alkaen LED-teknologiaa varten, mik\u00e4 takaa erinomaisen hy\u00f6tysuhteen (yli 135 lm\/W) ja tehokkaan l\u00e4mm\u00f6nhallinnan. Protecta X lupaa jopa 120 000 tunnin huoltovapaan k\u00e4ytt\u00f6i\u00e4n +25 \u00b0C:ssa ja s\u00e4ilytt\u00e4\u00e4 pitk\u00e4n k\u00e4ytt\u00f6ik\u00e4ns\u00e4 aina +60 \u00b0C:n ymp\u00e4rist\u00f6l\u00e4mp\u00f6tiloihin saakka. Valittavana on useita optiikkavaihtoehtoja, mukaan lukien ep\u00e4symmetrinen k\u00e4yt\u00e4v\u00e4valaistus, ja valaisimeen on saatavilla ulkoisesti vaihdettava akku. Laaja sertifiointi (ATEX, IECEx, INMETRO, EAC, UKCA) ja keveys tekev\u00e4t siit\u00e4 luotettavan valinnan esimerkiksi teollisuuden tai tuulipuistojen vaativiin sovelluksiin.\n<\/p>\n\n\n\n<\/td><\/tr><tr><td width=40%  style=\"vertical-align:top;\">\n\n\n<div class=\"wp-block-image\">\n<figure class=\"alignleft size-large is-resized\"><img loading=\"lazy\" decoding=\"async\" src=\"http:\/\/www.justuxia.fi\/wp-content\/uploads\/2022\/06\/FRONT_1_Product-1-edited.png\" alt=\"\" class=\"wp-image-523\" width=\"325\" height=\"325\" srcset=\"https:\/\/www.justuxia.fi\/wp-content\/uploads\/2022\/06\/FRONT_1_Product-1-edited.png 2160w, https:\/\/www.justuxia.fi\/wp-content\/uploads\/2022\/06\/FRONT_1_Product-1-edited-300x300.png 300w, https:\/\/www.justuxia.fi\/wp-content\/uploads\/2022\/06\/FRONT_1_Product-1-edited-2048x2048.png 2048w, https:\/\/www.justuxia.fi\/wp-content\/uploads\/2022\/06\/FRONT_1_Product-1-edited-150x150.png 150w, https:\/\/www.justuxia.fi\/wp-content\/uploads\/2022\/06\/FRONT_1_Product-1-edited-768x768.png 768w, https:\/\/www.justuxia.fi\/wp-content\/uploads\/2022\/06\/FRONT_1_Product-1-edited-1536x1536.png 1536w\" sizes=\"auto, (max-width: 325px) 100vw, 325px\" \/><\/figure><\/div>\n\n\n<\/td><td width=60% style=\"vertical-align:top;\">\n\n\n\n<p><strong>EVOLUTION X<\/strong><br>Evolution X on tehokas LED-valonheitin, joka on suunniteltu Zone 1 -alueille. Se tarjoaa jopa 40 000 lumenin valotehon ja hy\u00f6tysuhteen yli 106 lm\/W. Valaisimen uusi, kevyt rakenne (vain 17 kg) yhdist\u00e4\u00e4 ohuiden LED-moduulien pitk\u00e4ik\u00e4isyyden ja erillisen kytkent\u00e4kotelon helpon asennuksen. Valaisin korvaa 400 W purkauslampun ja siihen on saatavilla DALI 2 -yhteensopiva liit\u00e4nt\u00e4laite, sek\u00e4 ep\u00e4symmetrisi\u00e4 optiikoita hajavalon v\u00e4hent\u00e4miseksi. Pitk\u00e4, jopa 120 000 tunnin k\u00e4ytt\u00f6ik\u00e4 ja laaja -55 \u00b0C \u2013 +60 \u00b0C k\u00e4ytt\u00f6l\u00e4mp\u00f6tila tekev\u00e4t Evolution X:st\u00e4 monik\u00e4ytt\u00f6isen ratkaisun esimerkiksi kemianteollisuuteen, lentokonehalleihin ja tuulivoima-alueille.<\/p>\n\n\n\n<\/td><\/tr><tr><td width=40%>\n\n\n<div class=\"wp-block-image\">\n<figure class=\"alignleft size-full is-resized\"><img loading=\"lazy\" decoding=\"async\" src=\"http:\/\/www.justuxia.fi\/wp-content\/uploads\/2025\/05\/neo_x.jpg\" alt=\"\" width=\"325\" height=\"325\"\/><\/figure><\/div>\n\n\n<\/td><td width=60% style=\"vertical-align:top;\">\n\n\n\n<p><strong>NEO X<\/strong><br>\nNEO X on kompaktin kokoinen LED-bulkhead-valaisin, joka yhdist\u00e4\u00e4 monik\u00e4ytt\u00f6isyyden, asennusmukavuuden ja korkean suorituskyvyn. Valaisin on suunniteltu erityisesti k\u00e4yt\u00e4v\u00e4valaistukseen ja vaativiin tiloihin, joissa tila on rajallista \u2013 erinomainen valinta teollisuuteen ja offshore-kohteisiin. Valotehot vaihtelevat v\u00e4lill\u00e4 1500\u20134300 lm, ja tuotteeseen on saatavilla ep\u00e4symmetrinen valonjako, ulkoisesti vaihdettava akku sek\u00e4 RCG-pikaliitin. NEO X kest\u00e4\u00e4 -55 \u00b0C:n pakkaset ja +55 \u00b0C:n kuumuuden, ja sen LED-moduulin k\u00e4ytt\u00f6ik\u00e4 on jopa 200 000 tuntia +55 \u00b0C:ssa. Erinomainen vaihtoehto my\u00f6s poistumistievalaisuksi r\u00e4j\u00e4hdysvaarallisilla alueilla.<\/p>\n\n\n\n<\/td><\/tr><tr><td width=40%>\n\n\n<div class=\"wp-block-image\">\n<figure class=\"alignleft size-full is-resized\"><img loading=\"lazy\" decoding=\"async\" src=\"http:\/\/www.justuxia.fi\/wp-content\/uploads\/2025\/05\/eclipse_x.jpg\" alt=\"\" width=\"325\" height=\"325\"\/><\/figure><\/div>\n\n\n<\/td><td width=60% style=\"vertical-align:top;\">\n\n\n\n<p><strong>Eclipse X<\/strong><br>\nEclipse X on korkeiden tilojen valaisin, joka on hyv\u00e4ksytty k\u00e4ytett\u00e4v\u00e4ksi Ex ec -tiloissa (Zone 2) sek\u00e4 p\u00f6lyluokitelluissa ymp\u00e4rist\u00f6iss\u00e4. Epoksimaalattu merialumiinirunko, lasinen kupu ja IP66-suojaus tekev\u00e4t siit\u00e4 kest\u00e4v\u00e4n valinnan vaativiin olosuhteisiin. Valotehot ulottuvat 5000 \u2013 27 000 lumenin v\u00e4lille, ja laaja k\u00e4ytt\u00f6l\u00e4mp\u00f6tila-alue mahdollistaa toiminnan -40 \u00b0C \u2013 +55 \u00b0C:ssa. Eclipse X soveltuu erinomaisesti s\u00e4ili\u00f6alueille, varastoihin, huoltohalleihin sek\u00e4 aluevalaistukseen, jossa vaaditaan suurta valotehoa ja pitk\u00e4\u00e4 k\u00e4ytt\u00f6ik\u00e4\u00e4 (>100 000 h @ +55 \u00b0C). Saatavilla my\u00f6s pylv\u00e4s-, sein\u00e4- ja ripustusasennusvaihtoehdot.<\/p>\n\n\n\n<\/td><\/tr><tr><td width=40%>\n\n\n<div class=\"wp-block-image\">\n<figure class=\"alignleft size-full is-resized\"><img loading=\"lazy\" decoding=\"async\" src=\"http:\/\/www.justuxia.fi\/wp-content\/uploads\/2025\/05\/arran_x_atex.jpg\" width=\"325\" height=\"303\"\/><\/figure><\/div>\n\n\n<\/td><td width=60% style=\"vertical-align:top;\">\n\n\n\n<p><strong>Arran X<\/strong><br>\nArran X on Zone 2 ja teollisuusk\u00e4ytt\u00f6\u00f6n suunniteltu energiatehokas LED-valonheitin, jonka valoteho ulottuu 7000\u201330 000 lumeniin. Kest\u00e4v\u00e4 alumiinirunko, t\u00e4ysin avautuva kytkent\u00e4kotelo ja useat optiikkavaihtoehdot tekev\u00e4t siit\u00e4 eritt\u00e4in joustavan asennuskohteissa, joissa helppop\u00e4\u00e4syisyys ja valon kohdistettavuus ovat t\u00e4rkeit\u00e4. K\u00e4ytt\u00f6l\u00e4mp\u00f6tila ulottuu -50 \u00b0C:sta +65 \u00b0C:een. Saatavilla on EM-mallit 90 minuutin akkuvarmennuksella sek\u00e4 erikoisversiot, kuten oranssi ja vihre\u00e4 LED-v\u00e4ri luonnonsuojelualueille. Soveltuu muun muassa offshore-ymp\u00e4rist\u00f6ihin, kemiantehtaisiin, sahoihin ja teollisuuden ulkovalaistukseen.<\/p>\n\n\n\n<\/td><\/tr><\/table>\n","protected":false},"excerpt":{"rendered":"<p>Hubbell Group on sitoutunut k\u00e4ytt\u00e4m\u00e4\u00e4n tuotteissaan parasta saatavilla olevaa teknologia (BAT), joten tuotteita voidaan k\u00e4ytt\u00e4\u00e4 luottavaisin mielin pitk\u00e4kestoisissa ja vaativissa projekteissa luottaen, ett\u00e4 tuote on aina toimitushetkell\u00e4 ajanmukainen ja laadukas ratkaisu. Alla esiteltyn\u00e4 muutama k\u00e4rkituotteemme ATEX Zone 1\/22, Zone 2\/22 alueelle. PROTECTA XProtecta X on Chalmitin uuden sukupolven lineaarivalaisin, joka on suunniteltu erityisesti r\u00e4j\u00e4hdysvaarallisiin tiloihin [&hellip;]<\/p>\n","protected":false},"author":1,"featured_media":0,"parent":26,"menu_order":0,"comment_status":"closed","ping_status":"closed","template":"","meta":{"footnotes":""},"class_list":["post-305","page","type-page","status-publish","hentry","post"],"translation":{"provider":"WPGlobus","version":"3.0.0","language":"en","enabled_languages":["fi","en"],"languages":{"fi":{"title":true,"content":true,"excerpt":false},"en":{"title":false,"content":false,"excerpt":false}}},"_links":{"self":[{"href":"https:\/\/www.justuxia.fi\/en\/wp-json\/wp\/v2\/pages\/305","targetHints":{"allow":["GET"]}}],"collection":[{"href":"https:\/\/www.justuxia.fi\/en\/wp-json\/wp\/v2\/pages"}],"about":[{"href":"https:\/\/www.justuxia.fi\/en\/wp-json\/wp\/v2\/types\/page"}],"author":[{"embeddable":true,"href":"https:\/\/www.justuxia.fi\/en\/wp-json\/wp\/v2\/users\/1"}],"replies":[{"embeddable":true,"href":"https:\/\/www.justuxia.fi\/en\/wp-json\/wp\/v2\/comments?post=305"}],"version-history":[{"count":63,"href":"https:\/\/www.justuxia.fi\/en\/wp-json\/wp\/v2\/pages\/305\/revisions"}],"predecessor-version":[{"id":959,"href":"https:\/\/www.justuxia.fi\/en\/wp-json\/wp\/v2\/pages\/305\/revisions\/959"}],"up":[{"embeddable":true,"href":"https:\/\/www.justuxia.fi\/en\/wp-json\/wp\/v2\/pages\/26"}],"wp:attachment":[{"href":"https:\/\/www.justuxia.fi\/en\/wp-json\/wp\/v2\/media?parent=305"}],"curies":[{"name":"wp","href":"https:\/\/api.w.org\/{rel}","templated":true}]}}