{"id":303,"date":"2022-04-21T12:47:59","date_gmt":"2022-04-21T12:47:59","guid":{"rendered":"http:\/\/www.justuxia.fi\/?page_id=303"},"modified":"2025-03-19T08:15:37","modified_gmt":"2025-03-19T08:15:37","slug":"atex-teollisuuden-puhelimet","status":"publish","type":"page","link":"https:\/\/www.justuxia.fi\/en\/kaapeliasennustarvikkeet\/atex-teollisuuden-puhelimet\/","title":{"rendered":"ATEX ja teollisuus puhelimet"},"content":{"rendered":"\n<p>GAI-Tronics on johtava erityisolosuhteisiin ja ATEX-alueelle tarkoitettujen viestint\u00e4tuotteiden ja -j\u00e4rjestelmien suunnittelija ja valmistaja. Miss\u00e4 tavalliset ratkaisut eiv\u00e4t olisi riitt\u00e4v\u00e4n kest\u00e4vi\u00e4 vaadittuun k\u00e4ytt\u00f6\u00f6n ja olosuhteisiin, GAI-Tronicsilta l\u00f6yd\u00e4t valikoiman vandaalinkest\u00e4vi\u00e4 puhelimia, r\u00e4j\u00e4hdysvaarallisen alueen puhelimia, sek\u00e4 muut viestint\u00e4laitteet kaikkeen s\u00e4\u00e4n- tai iskunkest\u00e4vyytt\u00e4 vaativiin kohteisiin.<\/p>\n\n\n\n<table><tr><td width=40% style=\"vertical-align:top;\">\n\n\n<div class=\"wp-block-image\">\n<figure class=\"aligncenter size-full is-resized\"><img loading=\"lazy\" decoding=\"async\" src=\"http:\/\/www.justuxia.fi\/wp-content\/uploads\/2022\/05\/GTC-AUTELDAC6-CC-V1-2.jpg\" alt=\"\" class=\"wp-image-404\" width=\"450\" height=\"600\" srcset=\"https:\/\/www.justuxia.fi\/wp-content\/uploads\/2022\/05\/GTC-AUTELDAC6-CC-V1-2.jpg 900w, https:\/\/www.justuxia.fi\/wp-content\/uploads\/2022\/05\/GTC-AUTELDAC6-CC-V1-2-225x300.jpg 225w, https:\/\/www.justuxia.fi\/wp-content\/uploads\/2022\/05\/GTC-AUTELDAC6-CC-V1-2-768x1024.jpg 768w\" sizes=\"auto, (max-width: 450px) 100vw, 450px\" \/><\/figure><\/div>\n\n\n<\/td><td width=60% style=\"vertical-align:top;\">\n\n\n\n<p>GAI-TRONICS Auteldac 6:een, maailman johtavien Zone 1 VoIP -puhelimiemme uusin versio.  A6 on kevyt SIP-puhelin, mutta silti iskunkest\u00e4v\u00e4. A6:ssa on GRP runko, joka kest\u00e4\u00e4 ankarissa asennusymp\u00e4rist\u00f6iss\u00e4. Kaikki A6-laitteet ovat ATEX- ja IEC-sertifioituja k\u00e4ytett\u00e4v\u00e4ksi Zone 1\/21 ja 2\/22 ymp\u00e4rist\u00f6iss\u00e4. \n<br><br>\nTutustu tuotteisiin <a href=\"https:\/\/hubbellcdn.com\/literature\/GTC-PUB-B223-1-0320.pdf\">t\u00e4st\u00e4 linkist\u00e4<\/a>\n<\/p>\n\n\n\n<\/td><\/tr><tr><td width=40% style=\"vertical-align:top;\">\n\n\n\n<figure class=\"wp-block-image size-full is-resized\"><img loading=\"lazy\" decoding=\"async\" src=\"http:\/\/www.justuxia.fi\/wp-content\/uploads\/2022\/05\/gtc-commander-18-button.jpg\" alt=\"\" class=\"wp-image-407\" width=\"675\" height=\"900\" srcset=\"https:\/\/www.justuxia.fi\/wp-content\/uploads\/2022\/05\/gtc-commander-18-button.jpg 900w, https:\/\/www.justuxia.fi\/wp-content\/uploads\/2022\/05\/gtc-commander-18-button-225x300.jpg 225w, https:\/\/www.justuxia.fi\/wp-content\/uploads\/2022\/05\/gtc-commander-18-button-768x1024.jpg 768w\" sizes=\"auto, (max-width: 675px) 100vw, 675px\" \/><\/figure>\n\n\n\n<\/td><td width=60% style=\"vertical-align:top;\">\n\n\n\n<p>GAI-TRONICS Commander GSM puhelimet ovat kest\u00e4vi\u00e4, GRP runkoisia ja suunniteltu toimimaan vaatisissa ymp\u00e4rist\u00f6iss\u00e4. Soveltuu niin ulko-, kuin sis\u00e4asennuksiin, piilokiinnikkeet suojaavat laitetta vandalismille riskialttiissa paikoissa. GSM puhelin on sopiva ja kustannustehokas ratkaisu yksitt\u00e4isasennukseen.\n<br><br>\nTutustu tuotteisiin <a href=\"https:\/\/hubbellcdn.com\/literature\/Commander-B009-8-1019-Datasheet.pdf\">t\u00e4st\u00e4 linkist\u00e4<\/a>\n<\/p>\n\n\n\n<\/td><\/tr><\/table>\n","protected":false},"excerpt":{"rendered":"<p>GAI-Tronics on johtava erityisolosuhteisiin ja ATEX-alueelle tarkoitettujen viestint\u00e4tuotteiden ja -j\u00e4rjestelmien suunnittelija ja valmistaja. Miss\u00e4 tavalliset ratkaisut eiv\u00e4t olisi riitt\u00e4v\u00e4n kest\u00e4vi\u00e4 vaadittuun k\u00e4ytt\u00f6\u00f6n ja olosuhteisiin, GAI-Tronicsilta l\u00f6yd\u00e4t valikoiman vandaalinkest\u00e4vi\u00e4 puhelimia, r\u00e4j\u00e4hdysvaarallisen alueen puhelimia, sek\u00e4 muut viestint\u00e4laitteet kaikkeen s\u00e4\u00e4n- tai iskunkest\u00e4vyytt\u00e4 vaativiin kohteisiin. GAI-TRONICS Auteldac 6:een, maailman johtavien Zone 1 VoIP -puhelimiemme uusin versio. A6 on kevyt [&hellip;]<\/p>\n","protected":false},"author":1,"featured_media":0,"parent":31,"menu_order":0,"comment_status":"closed","ping_status":"closed","template":"","meta":{"footnotes":""},"class_list":["post-303","page","type-page","status-publish","hentry","post"],"translation":{"provider":"WPGlobus","version":"3.0.0","language":"en","enabled_languages":["fi","en"],"languages":{"fi":{"title":true,"content":true,"excerpt":false},"en":{"title":false,"content":false,"excerpt":false}}},"_links":{"self":[{"href":"https:\/\/www.justuxia.fi\/en\/wp-json\/wp\/v2\/pages\/303","targetHints":{"allow":["GET"]}}],"collection":[{"href":"https:\/\/www.justuxia.fi\/en\/wp-json\/wp\/v2\/pages"}],"about":[{"href":"https:\/\/www.justuxia.fi\/en\/wp-json\/wp\/v2\/types\/page"}],"author":[{"embeddable":true,"href":"https:\/\/www.justuxia.fi\/en\/wp-json\/wp\/v2\/users\/1"}],"replies":[{"embeddable":true,"href":"https:\/\/www.justuxia.fi\/en\/wp-json\/wp\/v2\/comments?post=303"}],"version-history":[{"count":10,"href":"https:\/\/www.justuxia.fi\/en\/wp-json\/wp\/v2\/pages\/303\/revisions"}],"predecessor-version":[{"id":899,"href":"https:\/\/www.justuxia.fi\/en\/wp-json\/wp\/v2\/pages\/303\/revisions\/899"}],"up":[{"embeddable":true,"href":"https:\/\/www.justuxia.fi\/en\/wp-json\/wp\/v2\/pages\/31"}],"wp:attachment":[{"href":"https:\/\/www.justuxia.fi\/en\/wp-json\/wp\/v2\/media?parent=303"}],"curies":[{"name":"wp","href":"https:\/\/api.w.org\/{rel}","templated":true}]}}