{"id":301,"date":"2022-04-21T12:46:44","date_gmt":"2022-04-21T12:46:44","guid":{"rendered":"http:\/\/www.justuxia.fi\/?page_id=301"},"modified":"2025-03-21T12:24:04","modified_gmt":"2025-03-21T12:24:04","slug":"atex-ohjauskalusteet","status":"publish","type":"page","link":"https:\/\/www.justuxia.fi\/en\/kaapeliasennustarvikkeet\/atex-ohjauskalusteet\/","title":{"rendered":"ATEX ohjauskalusteet ja turvakytkimet"},"content":{"rendered":"\n<p>Hawken HazCon r\u00e4\u00e4t\u00e4l\u00f6it\u00e4v\u00e4t ohjauskalusteet ovat saatavilla GRP ja AISI316 rungolla. <br>\nATEX- ja IECEx-sertifioitu Zone 1\/21- ja Zone 2\/22 alueille <\/p>\n\n\n\n<ul>\n<li>Helppo asennettavuus<\/li>\n<li>K\u00e4ytt\u00f6l\u00e4mp\u00f6tilat: -50\u00b0C \u2013 +60\u00b0C <\/li>\n<li>LED valo viidell\u00e4 eriv\u00e4risell\u00e4 linssill\u00e4 (Oranssi, Punainen, Sininen, Vihre\u00e4 ja Kirkas)<\/li>\n<li>Monipuoliset kytkin ja painonappivalikoimat<\/li>\n<li>Viisi erikokoisista kotelokokoa<\/li>\n<li>Saatavilla my\u00f6s UL-hyv\u00e4ksynn\u00e4ll\u00e4<\/li>\n<li>Helppok\u00e4ytt\u00f6inen ja ilmainen Hubbell ControlHUBB ohjelma tuotteiden m\u00e4\u00e4ritt\u00e4miseksi kotisivuilla<\/li>\n<\/ul>\n\n\n\n<div class=\"wp-block-image\"><figure class=\"aligncenter size-full is-resized\"><img loading=\"lazy\" decoding=\"async\" src=\"http:\/\/www.justuxia.fi\/wp-content\/uploads\/2022\/05\/featuresimage.png\" alt=\"\" class=\"wp-image-398\" width=\"478\" height=\"382\" srcset=\"https:\/\/www.justuxia.fi\/wp-content\/uploads\/2022\/05\/featuresimage.png 955w, https:\/\/www.justuxia.fi\/wp-content\/uploads\/2022\/05\/featuresimage-300x240.png 300w, https:\/\/www.justuxia.fi\/wp-content\/uploads\/2022\/05\/featuresimage-768x614.png 768w\" sizes=\"auto, (max-width: 478px) 100vw, 478px\" \/><\/figure><\/div>\n\n\n\n<p>Tutustu tuotteisiin Hubbelin kotisivuilla <a href=\"https:\/\/www.hubbell.com\/hawke\/en\/Products\/Electrical-Electronic\/Controls\/Hazardous-Location\/Control-Stations\/HKH-Series-Control-Station\/p\/2365405?queryID=c99c67927a1e8aad089230e38f68f813&amp;indexName=Products\">HKH Series Control Station | Hawke (hubbell.com)<\/a>\ntai kysy Justuxian kontaktihenkil\u00f6lt\u00e4si!<\/p>\n","protected":false},"excerpt":{"rendered":"<p>Hawken HazCon r\u00e4\u00e4t\u00e4l\u00f6it\u00e4v\u00e4t ohjauskalusteet ovat saatavilla GRP ja AISI316 rungolla. ATEX- ja IECEx-sertifioitu Zone 1\/21- ja Zone 2\/22 alueille Helppo asennettavuus K\u00e4ytt\u00f6l\u00e4mp\u00f6tilat: -50\u00b0C \u2013 +60\u00b0C LED valo viidell\u00e4 eriv\u00e4risell\u00e4 linssill\u00e4 (Oranssi, Punainen, Sininen, Vihre\u00e4 ja Kirkas) Monipuoliset kytkin ja painonappivalikoimat Viisi erikokoisista kotelokokoa Saatavilla my\u00f6s UL-hyv\u00e4ksynn\u00e4ll\u00e4 Helppok\u00e4ytt\u00f6inen ja ilmainen Hubbell ControlHUBB ohjelma tuotteiden m\u00e4\u00e4ritt\u00e4miseksi kotisivuilla [&hellip;]<\/p>\n","protected":false},"author":1,"featured_media":0,"parent":31,"menu_order":0,"comment_status":"closed","ping_status":"closed","template":"","meta":{"footnotes":""},"class_list":["post-301","page","type-page","status-publish","hentry","post"],"translation":{"provider":"WPGlobus","version":"3.0.0","language":"en","enabled_languages":["fi","en"],"languages":{"fi":{"title":true,"content":true,"excerpt":false},"en":{"title":false,"content":false,"excerpt":false}}},"_links":{"self":[{"href":"https:\/\/www.justuxia.fi\/en\/wp-json\/wp\/v2\/pages\/301","targetHints":{"allow":["GET"]}}],"collection":[{"href":"https:\/\/www.justuxia.fi\/en\/wp-json\/wp\/v2\/pages"}],"about":[{"href":"https:\/\/www.justuxia.fi\/en\/wp-json\/wp\/v2\/types\/page"}],"author":[{"embeddable":true,"href":"https:\/\/www.justuxia.fi\/en\/wp-json\/wp\/v2\/users\/1"}],"replies":[{"embeddable":true,"href":"https:\/\/www.justuxia.fi\/en\/wp-json\/wp\/v2\/comments?post=301"}],"version-history":[{"count":11,"href":"https:\/\/www.justuxia.fi\/en\/wp-json\/wp\/v2\/pages\/301\/revisions"}],"predecessor-version":[{"id":914,"href":"https:\/\/www.justuxia.fi\/en\/wp-json\/wp\/v2\/pages\/301\/revisions\/914"}],"up":[{"embeddable":true,"href":"https:\/\/www.justuxia.fi\/en\/wp-json\/wp\/v2\/pages\/31"}],"wp:attachment":[{"href":"https:\/\/www.justuxia.fi\/en\/wp-json\/wp\/v2\/media?parent=301"}],"curies":[{"name":"wp","href":"https:\/\/api.w.org\/{rel}","templated":true}]}}