{"id":299,"date":"2022-04-21T12:33:40","date_gmt":"2022-04-21T12:33:40","guid":{"rendered":"http:\/\/www.justuxia.fi\/?page_id=299"},"modified":"2025-03-19T07:55:23","modified_gmt":"2025-03-19T07:55:23","slug":"atex-kytkentakotelot","status":"publish","type":"page","link":"https:\/\/www.justuxia.fi\/en\/kaapeliasennustarvikkeet\/atex-kytkentakotelot\/","title":{"rendered":"Kytkent\u00e4kotelot"},"content":{"rendered":"\n<p>Meill\u00e4 on laaja valikoima r\u00e4j\u00e4hdysvaarallisten tilojen kytkent\u00e4koteloita, sek\u00e4 Exe, ett\u00e4 Exd tiloihin. Edullisen sarjan GRP kotelot (II 2 GD Exe IIC Gb) on valmistettu iskunkest\u00e4v\u00e4st\u00e4 lasikuituvahvisteisesta polyesterist\u00e4 ja soveltuu mataliin ja korkeisiin l\u00e4mp\u00f6tiloihin, jopa -60\u00b0C \u2013 +75\u00b0C.  HAWKE S \u2013 sarja, AISI316 \u2013 kytkent\u00e4kotelot ruostumattomasta ter\u00e4ksest\u00e4 (II 2 GD Exe II ExtD) soveltuu hankalimpiin asennuskohteisiin, joissa Exe luokittelu on riitt\u00e4v\u00e4. Killarkin Ex d \u2013 r\u00e4j\u00e4hdyspaineen kest\u00e4v\u00e4t kotelot valmistetaan ja tyypitet\u00e4\u00e4n aina asiakkaan vaatimusten mukaan. Killark tuotteilla on my\u00f6s amerikkalaiset UL-hyv\u00e4ksynn\u00e4t!<\/p>\n\n\n\n<table><tr><td width=40% style=\"vertical-align:top;\">\n\n\n\n<figure class=\"wp-block-image size-large\"><img loading=\"lazy\" decoding=\"async\" width=\"2048\" height=\"1316\" src=\"http:\/\/www.justuxia.fi\/wp-content\/uploads\/2022\/05\/HKE_PL511_3484_View3-2048x1316.jpg\" alt=\"\" class=\"wp-image-380\"\/><\/figure>\n\n\n\n<\/td><td width=60% style=\"vertical-align:top;\">\n\n\n\n<p>HAWKE PL-Sarjan GRP kotelot, Exe tilaan \nGRP materiaalina on erinomainen korroosiolle alttiissa ymp\u00e4rist\u00f6ss\u00e4 ja  Iskunkest\u00e4v\u00e4 7 Nm saakka, tyyppikilpi ja kannen kiinnityspultit ruostumatonta ter\u00e4st\u00e4. Ulkopuoliset asennusrei\u00e4t, kantta ei tarvitse avata kiinnitett\u00e4ess\u00e4. Ex-Luokitus: II 2 GD Exe IIC Gb, Extb IIIC Db, Zone 1, Zone 2, Zone 21 &amp; Zone 22.  K\u00e4ytt\u00f6l\u00e4mp\u00f6tilat: -30\u00b0C \u2013 +75\u00b0C \/ -60\u00b0C \u2013 +75\u00b0C. \n<br><br>\nTutustu tuotteisiin <a href=\"https:\/\/hubbellcdn.com\/specsheet\/Enclosure%20Datasheet_PL612.pdf\">t\u00e4st\u00e4 linkist\u00e4<\/a>\n<\/p>\n\n\n\n<\/td><\/tr><tr><td width=40% style=\"vertical-align:top;\">\n\n\n<div class=\"wp-block-image\">\n<figure class=\"aligncenter size-full is-resized\"><img loading=\"lazy\" decoding=\"async\" src=\"http:\/\/www.justuxia.fi\/wp-content\/uploads\/2022\/05\/EJB2-2-e1651747147318.jpg\" alt=\"\" class=\"wp-image-387\" width=\"414\" height=\"361\"\/><\/figure><\/div>\n\n\n<\/td><td width=60% style=\"vertical-align:top;\">\n\n\n\n<p>HAWKE S \u2013 sarja, AISI316 \u2013 kytkent\u00e4kotelot Ex e tilaan\nHawken S \u2013 sarjassa on 11 erikokoista AISI316L r\u00e4j\u00e4hdysvaarallisen tilan koteloa, joiden l\u00e4piviennit, terminaalit ja muut varusteet kalustetaan asiakkaan vaatimusten mukaisesti. Materiaali on aina s\u00e4hk\u00f6kemiallisesti kiillotettu ruostumaton ter\u00e4s. Luokitukset: II 2 GD Exe II ExtD, Zone 1, Zone 2, Zone 21 &amp; Zone 22, IP66. K\u00e4ytt\u00f6l\u00e4mp\u00f6tila: -60\u00b0C \u2013 +80\u00b0C\n<br><br>\nTutustu tuotteisiin <a href=\"https:\/\/hubbellcdn.com\/specsheet\/HKE_S2_Enclosure_Datasheet.pdf\">t\u00e4st\u00e4 linkist\u00e4<\/a>\n<\/p>\n\n\n\n<\/td><\/tr><\/table>\n\n\n\n<p>Tarkemmat tuotetiedot t\u00e4\u00e4lt\u00e4: <a href=\"https:\/\/www.hubbell.com\/hawke\/en\/Products\/Electrical-Electronic\/Enclosures\/Hazardous-Location\/Junction-Terminal-Boxes\/c\/560322\">Junction &amp; Terminal Boxes | Hazardous Location | Enclosures | Electrical &amp; Electronic | Products | Hawke (hubbell.com)<\/a><\/p>\n","protected":false},"excerpt":{"rendered":"<p>Meill\u00e4 on laaja valikoima r\u00e4j\u00e4hdysvaarallisten tilojen kytkent\u00e4koteloita, sek\u00e4 Exe, ett\u00e4 Exd tiloihin. Edullisen sarjan GRP kotelot (II 2 GD Exe IIC Gb) on valmistettu iskunkest\u00e4v\u00e4st\u00e4 lasikuituvahvisteisesta polyesterist\u00e4 ja soveltuu mataliin ja korkeisiin l\u00e4mp\u00f6tiloihin, jopa -60\u00b0C \u2013 +75\u00b0C. HAWKE S \u2013 sarja, AISI316 \u2013 kytkent\u00e4kotelot ruostumattomasta ter\u00e4ksest\u00e4 (II 2 GD Exe II ExtD) soveltuu hankalimpiin asennuskohteisiin, [&hellip;]<\/p>\n","protected":false},"author":1,"featured_media":0,"parent":31,"menu_order":0,"comment_status":"closed","ping_status":"closed","template":"","meta":{"footnotes":""},"class_list":["post-299","page","type-page","status-publish","hentry","post"],"translation":{"provider":"WPGlobus","version":"3.0.0","language":"en","enabled_languages":["fi","en"],"languages":{"fi":{"title":true,"content":true,"excerpt":false},"en":{"title":false,"content":false,"excerpt":false}}},"_links":{"self":[{"href":"https:\/\/www.justuxia.fi\/en\/wp-json\/wp\/v2\/pages\/299","targetHints":{"allow":["GET"]}}],"collection":[{"href":"https:\/\/www.justuxia.fi\/en\/wp-json\/wp\/v2\/pages"}],"about":[{"href":"https:\/\/www.justuxia.fi\/en\/wp-json\/wp\/v2\/types\/page"}],"author":[{"embeddable":true,"href":"https:\/\/www.justuxia.fi\/en\/wp-json\/wp\/v2\/users\/1"}],"replies":[{"embeddable":true,"href":"https:\/\/www.justuxia.fi\/en\/wp-json\/wp\/v2\/comments?post=299"}],"version-history":[{"count":11,"href":"https:\/\/www.justuxia.fi\/en\/wp-json\/wp\/v2\/pages\/299\/revisions"}],"predecessor-version":[{"id":888,"href":"https:\/\/www.justuxia.fi\/en\/wp-json\/wp\/v2\/pages\/299\/revisions\/888"}],"up":[{"embeddable":true,"href":"https:\/\/www.justuxia.fi\/en\/wp-json\/wp\/v2\/pages\/31"}],"wp:attachment":[{"href":"https:\/\/www.justuxia.fi\/en\/wp-json\/wp\/v2\/media?parent=299"}],"curies":[{"name":"wp","href":"https:\/\/api.w.org\/{rel}","templated":true}]}}