{"id":297,"date":"2022-04-21T12:26:15","date_gmt":"2022-04-21T12:26:15","guid":{"rendered":"http:\/\/www.justuxia.fi\/?page_id=297"},"modified":"2025-03-19T07:56:15","modified_gmt":"2025-03-19T07:56:15","slug":"atex-pikaliittimet","status":"publish","type":"page","link":"https:\/\/www.justuxia.fi\/en\/kaapeliasennustarvikkeet\/atex-pikaliittimet\/","title":{"rendered":"Pikaliittimet ATEX tiloihin"},"content":{"rendered":"\n<p>Hawke r\u00e4j\u00e4hdysvaarallisen tilan ja teollisuuden pikaliittimet voima- ja ohjauskaapeleille. Hyv\u00e4ksytty eurooppalaisen ATEX, kansainv\u00e4lisen IECEx, ven\u00e4l\u00e4isen ja kazakstanilaisen GOST\/EAC, kiinalaisen GB ja kanadalaisen CSA standardien mukaisesti.<br>\n\u201dHawke International on laatua, luotettavuutta ja turvallisuutta arvostavan k\u00e4ytt\u00e4j\u00e4n valinta!\u201d<\/p>\n\n\n\n<table><tr><td width=40% style=\"vertical-align:top;\">\n\n\n<div class=\"wp-block-image\">\n<figure class=\"aligncenter size-full is-resized\"><img loading=\"lazy\" decoding=\"async\" src=\"http:\/\/www.justuxia.fi\/wp-content\/uploads\/2022\/05\/InstrumEx_Flanged.jpg\" alt=\"\" class=\"wp-image-368\" width=\"480\" height=\"279\" srcset=\"https:\/\/www.justuxia.fi\/wp-content\/uploads\/2022\/05\/InstrumEx_Flanged.jpg 1920w, https:\/\/www.justuxia.fi\/wp-content\/uploads\/2022\/05\/InstrumEx_Flanged-300x174.jpg 300w, https:\/\/www.justuxia.fi\/wp-content\/uploads\/2022\/05\/InstrumEx_Flanged-768x446.jpg 768w, https:\/\/www.justuxia.fi\/wp-content\/uploads\/2022\/05\/InstrumEx_Flanged-1536x891.jpg 1536w\" sizes=\"auto, (max-width: 480px) 100vw, 480px\" \/><\/figure><\/div>\n\n\n<\/td><td width=60% style=\"vertical-align:top;\">\n\n\n\n<p><strong>HAWKE INSTRUMEX<\/strong> &#8211; liittimet mahdollistavat kytkenn\u00e4n ja erottamisen j\u00e4nnitteisen\u00e4 ATEX alueella turvallisesti ja nopeasti. Saatavilla 4-, 8- ja 9-johtimelle, maksimi 10A \/ 250V. IP66 \/ IP67. \n<br>\n<a href=\"https:\/\/hubbellcdn.com\/specsheet\/HKE_InstrumEx_Connectors_Datasheet.pdf\">Tutustu tuotteeseen InstrumEx<\/a><\/p>\n\n\n\n<\/td><\/tr><tr><td width=40%  style=\"vertical-align:top;\">\n\n\n<div class=\"wp-block-image\">\n<figure class=\"alignleft size-large is-resized\"><img loading=\"lazy\" decoding=\"async\" src=\"http:\/\/www.justuxia.fi\/wp-content\/uploads\/2022\/05\/ControlEx-kuva-2048x1499.jpg\" alt=\"\" class=\"wp-image-369\" width=\"451\" height=\"330\" srcset=\"https:\/\/www.justuxia.fi\/wp-content\/uploads\/2022\/05\/ControlEx-kuva-2048x1499.jpg 2048w, https:\/\/www.justuxia.fi\/wp-content\/uploads\/2022\/05\/ControlEx-kuva-300x220.jpg 300w, https:\/\/www.justuxia.fi\/wp-content\/uploads\/2022\/05\/ControlEx-kuva-768x562.jpg 768w, https:\/\/www.justuxia.fi\/wp-content\/uploads\/2022\/05\/ControlEx-kuva-1536x1124.jpg 1536w\" sizes=\"auto, (max-width: 451px) 100vw, 451px\" \/><\/figure><\/div>\n\n\n<\/td><td width=60% style=\"vertical-align:top;\">\n\n\n\n<p><strong>HAWKE CONTROLEX<\/strong> &#8211; sarjan liittimet soveltuvat keski- ja matalatehoisiin k\u00e4ytt\u00f6tarkoituksiin. Ruostumattomaan ter\u00e4srunkoon voidaan maksimissaan asentaa 60 kpl 0,5 mm2 \u2013 35 mm2 johdinta. Maksimij\u00e4nnite 750V ja \u2013 virta 125A.\n<br>\n<a href=\"https:\/\/hubbellcdn.com\/specsheet\/HKE_ControlEx_Connectors_Datasheet.pdf\">Tutustu tuotteeseen ControlEx<\/a><\/p>\n\n\n\n<\/td><\/tr><tr><td width=40%  style=\"vertical-align:top;\">\n\n\n\n<figure class=\"wp-block-image size-full\"><img loading=\"lazy\" decoding=\"async\" width=\"1200\" height=\"723\" src=\"http:\/\/www.justuxia.fi\/wp-content\/uploads\/2022\/05\/HKE_Powerex_1200-e1651697527216.webp\" alt=\"\" class=\"wp-image-370\" srcset=\"https:\/\/www.justuxia.fi\/wp-content\/uploads\/2022\/05\/HKE_Powerex_1200-e1651697527216.webp 1200w, https:\/\/www.justuxia.fi\/wp-content\/uploads\/2022\/05\/HKE_Powerex_1200-e1651697527216-300x181.webp 300w, https:\/\/www.justuxia.fi\/wp-content\/uploads\/2022\/05\/HKE_Powerex_1200-e1651697527216-768x463.webp 768w\" sizes=\"auto, (max-width: 1200px) 100vw, 1200px\" \/><\/figure>\n\n\n\n<\/td><td width=60% style=\"vertical-align:top;\">\n\n\n\n<p><strong>HAWKE POWEREX<\/strong> &#8211; sarjalla voidaan kytke\u00e4 1 \u2013 4 kpl 50 mm2 \u2013 630 mm2 johdinta. Standardiliittimille maksimi j\u00e4nnite on 750V ja maksimivirta 780A. IP66\/IP67. \n<br>\n<a href=\"https:\/\/hubbellcdn.com\/specsheet\/HKE_PowerEX_Connectors_Datasheet.pdf\">Tuotetiedot, hyv\u00e4ksynn\u00e4t ja asennusohjeet:  PowerEx<\/a><\/p>\n\n\n\n<\/td><\/tr><tr><td width=40%  style=\"vertical-align:top;\">\n\n\n<div class=\"wp-block-image\">\n<figure class=\"alignleft size-full\"><img loading=\"lazy\" decoding=\"async\" width=\"515\" height=\"342\" src=\"http:\/\/www.justuxia.fi\/wp-content\/uploads\/2022\/05\/HKE_fibre_ex_image_515-e1651698166999.webp\" alt=\"\" class=\"wp-image-371\" srcset=\"https:\/\/www.justuxia.fi\/wp-content\/uploads\/2022\/05\/HKE_fibre_ex_image_515-e1651698166999.webp 515w, https:\/\/www.justuxia.fi\/wp-content\/uploads\/2022\/05\/HKE_fibre_ex_image_515-e1651698166999-300x199.webp 300w, https:\/\/www.justuxia.fi\/wp-content\/uploads\/2022\/05\/HKE_fibre_ex_image_515-e1651698166999-272x182.webp 272w\" sizes=\"auto, (max-width: 515px) 100vw, 515px\" \/><\/figure><\/div>\n\n\n<\/td><td width=60% style=\"vertical-align:top;\">\n\n\n\n<p><strong>HAWKE FIBRE-EX<\/strong> \u2013 sarja yhdist\u00e4\u00e4 Hawken laajan kokemuksen vaarallisista ymp\u00e4rist\u00f6ist\u00e4 ja Acal BFi  kuituoptisen tekniikan erikoisosaamisen turvallisesti Ex-ymp\u00e4rist\u00f6ihin.  \n<br>\n<a href=\"https:\/\/hubbellcdn.com\/specsheet\/HKE_FIBREex_Connectors_MiniCatalogue.pdf\">Tutustu tuotteeseen t\u00e4\u00e4ll\u00e4: FibreEx Connector<\/a><\/p>\n\n\n\n<\/td><\/tr><tr><td width=40%  style=\"vertical-align:top;\">\n\n\n<div class=\"wp-block-image\">\n<figure class=\"alignleft size-full\"><img loading=\"lazy\" decoding=\"async\" width=\"515\" height=\"342\" src=\"http:\/\/www.justuxia.fi\/wp-content\/uploads\/2022\/05\/HKE_fibre_ex_image_515-e1651698166999.webp\" alt=\"\" class=\"wp-image-371\" srcset=\"https:\/\/www.justuxia.fi\/wp-content\/uploads\/2022\/05\/HKE_fibre_ex_image_515-e1651698166999.webp 515w, https:\/\/www.justuxia.fi\/wp-content\/uploads\/2022\/05\/HKE_fibre_ex_image_515-e1651698166999-300x199.webp 300w, https:\/\/www.justuxia.fi\/wp-content\/uploads\/2022\/05\/HKE_fibre_ex_image_515-e1651698166999-272x182.webp 272w\" sizes=\"auto, (max-width: 515px) 100vw, 515px\" \/><\/figure><\/div>\n\n\n<\/td><td width=60% style=\"vertical-align:top;\">\n\n\n\n<p><strong>HAWKE RCG<\/strong> &#8211; sarjan uudet Exe \/ Ext hyv\u00e4ksytyt kustannustehokkaat liittimet soveltuvat k\u00e4ytett\u00e4v\u00e4ksi kaapelin jatkamisena tai kytkent\u00e4kotelon vaihtoehtona. Soveltuu kaikentyyppisille kaapeleille<\/p>\n\n\n\n<\/td><\/tr><\/table>\n","protected":false},"excerpt":{"rendered":"<p>Hawke r\u00e4j\u00e4hdysvaarallisen tilan ja teollisuuden pikaliittimet voima- ja ohjauskaapeleille. Hyv\u00e4ksytty eurooppalaisen ATEX, kansainv\u00e4lisen IECEx, ven\u00e4l\u00e4isen ja kazakstanilaisen GOST\/EAC, kiinalaisen GB ja kanadalaisen CSA standardien mukaisesti. \u201dHawke International on laatua, luotettavuutta ja turvallisuutta arvostavan k\u00e4ytt\u00e4j\u00e4n valinta!\u201d HAWKE INSTRUMEX &#8211; liittimet mahdollistavat kytkenn\u00e4n ja erottamisen j\u00e4nnitteisen\u00e4 ATEX alueella turvallisesti ja nopeasti. Saatavilla 4-, 8- ja 9-johtimelle, maksimi [&hellip;]<\/p>\n","protected":false},"author":1,"featured_media":0,"parent":31,"menu_order":0,"comment_status":"closed","ping_status":"closed","template":"","meta":{"footnotes":""},"class_list":["post-297","page","type-page","status-publish","hentry","post"],"translation":{"provider":"WPGlobus","version":"3.0.0","language":"en","enabled_languages":["fi","en"],"languages":{"fi":{"title":true,"content":true,"excerpt":false},"en":{"title":false,"content":false,"excerpt":false}}},"_links":{"self":[{"href":"https:\/\/www.justuxia.fi\/en\/wp-json\/wp\/v2\/pages\/297","targetHints":{"allow":["GET"]}}],"collection":[{"href":"https:\/\/www.justuxia.fi\/en\/wp-json\/wp\/v2\/pages"}],"about":[{"href":"https:\/\/www.justuxia.fi\/en\/wp-json\/wp\/v2\/types\/page"}],"author":[{"embeddable":true,"href":"https:\/\/www.justuxia.fi\/en\/wp-json\/wp\/v2\/users\/1"}],"replies":[{"embeddable":true,"href":"https:\/\/www.justuxia.fi\/en\/wp-json\/wp\/v2\/comments?post=297"}],"version-history":[{"count":17,"href":"https:\/\/www.justuxia.fi\/en\/wp-json\/wp\/v2\/pages\/297\/revisions"}],"predecessor-version":[{"id":890,"href":"https:\/\/www.justuxia.fi\/en\/wp-json\/wp\/v2\/pages\/297\/revisions\/890"}],"up":[{"embeddable":true,"href":"https:\/\/www.justuxia.fi\/en\/wp-json\/wp\/v2\/pages\/31"}],"wp:attachment":[{"href":"https:\/\/www.justuxia.fi\/en\/wp-json\/wp\/v2\/media?parent=297"}],"curies":[{"name":"wp","href":"https:\/\/api.w.org\/{rel}","templated":true}]}}