{"id":295,"date":"2022-04-21T12:23:35","date_gmt":"2022-04-21T12:23:35","guid":{"rendered":"http:\/\/www.justuxia.fi\/?page_id=295"},"modified":"2025-03-17T13:24:00","modified_gmt":"2025-03-17T13:24:00","slug":"atex-holkkitiivisteet","status":"publish","type":"page","link":"https:\/\/www.justuxia.fi\/en\/kaapeliasennustarvikkeet\/atex-holkkitiivisteet\/","title":{"rendered":"Holkkitiivisteet ja komponentit"},"content":{"rendered":"<div class=\"wp-block-image\">\n<figure class=\"aligncenter size-full\"><img loading=\"lazy\" decoding=\"async\" width=\"1440\" height=\"580\" src=\"http:\/\/www.justuxia.fi\/wp-content\/uploads\/2022\/05\/Hawke_Installation.jpg\" alt=\"\" class=\"wp-image-346\" srcset=\"https:\/\/www.justuxia.fi\/wp-content\/uploads\/2022\/05\/Hawke_Installation.jpg 1440w, https:\/\/www.justuxia.fi\/wp-content\/uploads\/2022\/05\/Hawke_Installation-300x121.jpg 300w, https:\/\/www.justuxia.fi\/wp-content\/uploads\/2022\/05\/Hawke_Installation-768x309.jpg 768w\" sizes=\"auto, (max-width: 1440px) 100vw, 1440px\" \/><\/figure><\/div>\n\n\n<p>Justuxia varastoi ja toimittaa r\u00e4j\u00e4hdysvaarallisen tilan ja teollisuuden metallisia holkkitiivisteit\u00e4 kaikenlaisille kaapeleille. Tuotteet ovat tunnettuja merkkej\u00e4 ja niill\u00e4 on kattavat kansainv\u00e4liset hyv\u00e4ksynn\u00e4t, kuten UL, NEC, SIRA, ATEX,  IECx, EAC. P\u00e4\u00e4edustuksemme Hawke Internationalin tuotteita Hawke 501\/453\/UNIV, Hawke 501\/421, Hawke ICG 653\/UNIV, Hawke 501\/414 varastoimme Suomessa. Lis\u00e4ksi toimitamme tilauksesta Killark, CMP, Hummel, Peppers sek\u00e4 Schlemmer tuotteita. Varastoimme my\u00f6s yleisimpi\u00e4 holkkitiivisteiden varusteita, kuten maadoituslenkkej\u00e4, vastamuttureita, aluslevyj\u00e4, TPE suojuksia &#8211; everything you need for a safe installation<\/p>\n\n\n\n<table border=0><tr><td width=40% style=\"vertical-align:top; cellpadding:10px;\"><br>\n\n\n<div class=\"wp-block-image is-style-default\">\n<figure class=\"alignleft size-large is-resized\"><img loading=\"lazy\" decoding=\"async\" src=\"http:\/\/www.justuxia.fi\/wp-content\/uploads\/2022\/05\/PIC_0174-2048x1300.jpg\" alt=\"\" class=\"wp-image-363\" width=\"327\" height=\"207\" srcset=\"https:\/\/www.justuxia.fi\/wp-content\/uploads\/2022\/05\/PIC_0174-2048x1300.jpg 2048w, https:\/\/www.justuxia.fi\/wp-content\/uploads\/2022\/05\/PIC_0174-300x190.jpg 300w, https:\/\/www.justuxia.fi\/wp-content\/uploads\/2022\/05\/PIC_0174-768x487.jpg 768w, https:\/\/www.justuxia.fi\/wp-content\/uploads\/2022\/05\/PIC_0174-1536x975.jpg 1536w\" sizes=\"auto, (max-width: 327px) 100vw, 327px\" \/><\/figure><\/div>\n\n\n<\/td><td width=60% style=\"vertical-align:top;\">\n\n\n\n<p><strong>HAWKE 501\/421 holkkitiiviste muovikaapeleille<\/strong><br>\nHawke 501\/421 on Group II -sertifioitu yksitiivisteinen holkkitiiviste, joka soveltuu Zone 1\/21 ja 2\/22. Kaksoishyv\u00e4ksytty ATEX\/IECEx\/EAC (Exe) ja (Exd) ymp\u00e4rist\u00f6ihin. Soveltuu k\u00e4ytt\u00f6\u00f6n muovieristettyjen kaapeleiden asennuksissa. Varastotuote Suomessa, koot M20 \u2013 M100, messinki ja niklattu messinki. Haponkest\u00e4v\u00e4 ter\u00e4s ja alumiini materiaalit tilauksesta. \n<br>\n<a href=\"https:\/\/www.hubbell.com\/hawke\/en\/Products\/Electrical-Electronic\/Cable-Glands\/Hazardous-Location\/501421-Ex-d-Ex-e-Cable-Gland\/p\/3913698\">T\u00e4ydelliset tuotetiedot<\/a><\/p>\n\n\n\n<\/td><\/tr><tr><td width=40% style=\"vertical-align:top;\">\n\n\n<div class=\"wp-block-image\">\n<figure class=\"aligncenter size-full\"><img loading=\"lazy\" decoding=\"async\" width=\"290\" height=\"149\" src=\"http:\/\/www.justuxia.fi\/wp-content\/uploads\/2022\/05\/501-453-UNIV-Full_515-edited-e1651693675467.jpg\" alt=\"\" class=\"wp-image-348\"\/><\/figure><\/div>\n\n\n<\/td><td width=60% style=\"vertical-align:top;\">\n\n\n\n<p><strong>HAWKE 501\/453\/UNIV holkkitiiviste armeeratuille kaapeleille, Exe \/ Exd<\/strong><br>\nElastomeerinen kalvotiiviste kaapelin sis\u00e4holkissa t\u00e4ytt\u00e4\u00e4 cold flow vaatimuksen ja on tarkastettavissa asennuksen j\u00e4lkeen.  K\u00e4\u00e4nnett\u00e4v\u00e4 armour ring mahdollistaa holkkitiivisteen k\u00e4yt\u00f6n eripaksuisten ja -tyyppisten armeerauksien kanssa. 501\/453\/UNIVERSAL on maailman eniten tyypitetty holkkitiiviste ja ennakkohyv\u00e4ksytty l\u00e4hes kaikilla suurilla loppuk\u00e4ytt\u00e4jill\u00e4. Varastotuote Suomessa, koot M20 \u2013 M100, messinki, niklattu messinki ja haponkest\u00e4v\u00e4 ter\u00e4s. Alumiini tilauksesta.\n<br>\n<a href=\"https:\/\/www.hubbell.com\/hawke\/en\/Products\/Electrical-Electronic\/Cable-Glands\/Hazardous-Location\/501453UNIV-Ex-d-Ex-e-Cable-Gland\/p\/3913696\">Tutustu tuotteeseen t\u00e4\u00e4ll\u00e4<\/a><\/p>\n\n\n\n<\/td><\/tr><tr><td width=40% style=\"vertical-align:top;\">\n\n\n<div class=\"wp-block-image\">\n<figure class=\"aligncenter size-full\"><img loading=\"lazy\" decoding=\"async\" width=\"370\" height=\"227\" src=\"http:\/\/www.justuxia.fi\/wp-content\/uploads\/2022\/05\/ICG-653-UNIV-L_515-e1651693822978.jpg\" alt=\"\" class=\"wp-image-351\" srcset=\"https:\/\/www.justuxia.fi\/wp-content\/uploads\/2022\/05\/ICG-653-UNIV-L_515-e1651693822978.jpg 370w, https:\/\/www.justuxia.fi\/wp-content\/uploads\/2022\/05\/ICG-653-UNIV-L_515-e1651693822978-300x184.jpg 300w\" sizes=\"auto, (max-width: 370px) 100vw, 370px\" \/><\/figure><\/div>\n\n\n<\/td><td width=60% style=\"vertical-align:top;\">\n\n\n\n<p><strong>HAWKE ICG\/653\/UNIV, Ex d &amp; Ex e, Barrier holkkitiiviste<\/strong><br>\nValuhartsitiiviste kovettuu noin 30 minuutissa. Asennuksen j\u00e4lkeen voidaan avata, tarkastaa ja uudelleen sulkea.  Tehdastilaustuote, saatavilla messinki, niklattu messinki ja AISI316 materiaalit. \n<br>\n<a href=\"https:\/\/www.hubbell.com\/hawke\/en\/Products\/Electrical-Electronic\/Cable-Glands\/Hazardous-Location\/ICG653UNIV-Ex-d-Ex-e-Cable-Gland\/p\/3913703\">Saatavilla tuotetiedot, asennusohjeet ja -videot t\u00e4\u00e4lt\u00e4 ICG\/653\/UNIV<\/a> tai ottamalla yhteytt\u00e4 Justuxian <a href=\"http:\/\/www.justuxia.fi\/yheteystiedot\/\">kontaktihenkil\u00f6\u00f6nne<\/a>!   <\/p>\n\n\n\n<\/td><\/tr><tr><td width=40% style=\"vertical-align:top;\">\n\n\n<div class=\"wp-block-image\">\n<figure class=\"aligncenter size-full\"><img loading=\"lazy\" decoding=\"async\" width=\"404\" height=\"211\" src=\"http:\/\/www.justuxia.fi\/wp-content\/uploads\/2022\/05\/CSB-656-N-Full_515-e1651695316571.jpg\" alt=\"\" class=\"wp-image-360\" srcset=\"https:\/\/www.justuxia.fi\/wp-content\/uploads\/2022\/05\/CSB-656-N-Full_515-e1651695316571.jpg 404w, https:\/\/www.justuxia.fi\/wp-content\/uploads\/2022\/05\/CSB-656-N-Full_515-e1651695316571-300x157.jpg 300w\" sizes=\"auto, (max-width: 404px) 100vw, 404px\" \/><\/figure><\/div>\n\n\n<\/td><td width=60% style=\"vertical-align:top;\">\n\n\n\n<p><strong>501\/414 ATEX holkkitiiviste suojaputkiasennukseen<\/strong><br>\nYksitiivisteinen Kaksoishyv\u00e4ksytty ATEX\/IECEx\/EAC (Exe) ja (Exd) kaapeliholkkitiiviste, jonka toisessa p\u00e4\u00e4ss\u00e4 on sis\u00e4kierre suojaputken asentamiseksi. Saatavilla metriset ja NPT kierteet. \n<br>\n<a href=\"https:\/\/www.hubbell.com\/hawke\/en\/Products\/Electrical-Electronic\/Cable-Glands\/Hazardous-Location\/501414-Ex-d-Ex-e-Cable-Gland\/p\/3913707\">Tuotteen tarkat tiedot ja asennusohjeet Hawken sivuilta<\/a><\/p>\n\n\n\n<\/td><\/tr><\/table>\n","protected":false},"excerpt":{"rendered":"<p>Justuxia varastoi ja toimittaa r\u00e4j\u00e4hdysvaarallisen tilan ja teollisuuden metallisia holkkitiivisteit\u00e4 kaikenlaisille kaapeleille. Tuotteet ovat tunnettuja merkkej\u00e4 ja niill\u00e4 on kattavat kansainv\u00e4liset hyv\u00e4ksynn\u00e4t, kuten UL, NEC, SIRA, ATEX, IECx, EAC. P\u00e4\u00e4edustuksemme Hawke Internationalin tuotteita Hawke 501\/453\/UNIV, Hawke 501\/421, Hawke ICG 653\/UNIV, Hawke 501\/414 varastoimme Suomessa. Lis\u00e4ksi toimitamme tilauksesta Killark, CMP, Hummel, Peppers sek\u00e4 Schlemmer tuotteita. Varastoimme [&hellip;]<\/p>\n","protected":false},"author":1,"featured_media":0,"parent":31,"menu_order":0,"comment_status":"closed","ping_status":"closed","template":"","meta":{"footnotes":""},"class_list":["post-295","page","type-page","status-publish","hentry","post"],"translation":{"provider":"WPGlobus","version":"3.0.0","language":"en","enabled_languages":["fi","en"],"languages":{"fi":{"title":true,"content":true,"excerpt":false},"en":{"title":false,"content":false,"excerpt":false}}},"_links":{"self":[{"href":"https:\/\/www.justuxia.fi\/en\/wp-json\/wp\/v2\/pages\/295","targetHints":{"allow":["GET"]}}],"collection":[{"href":"https:\/\/www.justuxia.fi\/en\/wp-json\/wp\/v2\/pages"}],"about":[{"href":"https:\/\/www.justuxia.fi\/en\/wp-json\/wp\/v2\/types\/page"}],"author":[{"embeddable":true,"href":"https:\/\/www.justuxia.fi\/en\/wp-json\/wp\/v2\/users\/1"}],"replies":[{"embeddable":true,"href":"https:\/\/www.justuxia.fi\/en\/wp-json\/wp\/v2\/comments?post=295"}],"version-history":[{"count":36,"href":"https:\/\/www.justuxia.fi\/en\/wp-json\/wp\/v2\/pages\/295\/revisions"}],"predecessor-version":[{"id":876,"href":"https:\/\/www.justuxia.fi\/en\/wp-json\/wp\/v2\/pages\/295\/revisions\/876"}],"up":[{"embeddable":true,"href":"https:\/\/www.justuxia.fi\/en\/wp-json\/wp\/v2\/pages\/31"}],"wp:attachment":[{"href":"https:\/\/www.justuxia.fi\/en\/wp-json\/wp\/v2\/media?parent=295"}],"curies":[{"name":"wp","href":"https:\/\/api.w.org\/{rel}","templated":true}]}}