{"id":293,"date":"2022-04-21T12:20:06","date_gmt":"2022-04-21T12:20:06","guid":{"rendered":"http:\/\/www.justuxia.fi\/?page_id=293"},"modified":"2025-03-21T12:14:26","modified_gmt":"2025-03-21T12:14:26","slug":"kulkukaytavien-anti-ice-paneelit","status":"publish","type":"page","link":"https:\/\/www.justuxia.fi\/en\/lammitysratkaisut\/kulkukaytavien-anti-ice-paneelit\/","title":{"rendered":"Kulkuk\u00e4yt\u00e4vien liukkauden esto ja l\u00e4mmitys"},"content":{"rendered":"\n<p>Kuka tahansa voi liukastua ja loukkaantua vaikeiden olosuhteiden vuoksi! Liukastumistapaturmat muodostavat merkitt\u00e4v\u00e4n osan kaikista sairauspoissaoloista ja niihin liittyvist\u00e4 kustannuksista (kuntoutus jne.).  Yleisiin tiloihin voimme tarjota tuotteita, kuten py\u00f6r\u00e4tuoliramppeja, liukumattomia maalaattoja ja portaita. Justuxian Conficomp-teknologia on turvallista, ymp\u00e4rist\u00f6yst\u00e4v\u00e4llist\u00e4 ja energiaoptimoitua. <\/p>\n\n\n\n<p>Arktisten laivojen kansien sulanapitoon suunniteltu IceStop-l\u00e4mp\u00f6elementti on mainio j\u00e4\u00e4nestoratkaisu kaikelle vesiliikenteelle ja teollisuuslaitoksille. Itses\u00e4\u00e4tyv\u00e4ll\u00e4 l\u00e4mp\u00f6kaapelilla varustettu ohut paneeli pit\u00e4\u00e4 j\u00e4\u00e4n loitolla ja pinnat kuivina. Kysy lis\u00e4\u00e4 Justuxian kontaktihenkil\u00f6lt\u00e4si!<\/p>\n\n\n\n<p><strong>IceStop<\/strong><\/p>\n\n\n\n<table border=0><tr><td width=49%>\n\n\n\n<div class=\"wp-block-image\"><figure class=\"aligncenter size-large\"><img loading=\"lazy\" decoding=\"async\" width=\"2048\" height=\"1536\" src=\"http:\/\/www.justuxia.fi\/wp-content\/uploads\/2022\/05\/IceStop_Deck-2048x1536.jpg\" alt=\"\" class=\"wp-image-419\" srcset=\"https:\/\/www.justuxia.fi\/wp-content\/uploads\/2022\/05\/IceStop_Deck-2048x1536.jpg 2048w, https:\/\/www.justuxia.fi\/wp-content\/uploads\/2022\/05\/IceStop_Deck-300x225.jpg 300w, https:\/\/www.justuxia.fi\/wp-content\/uploads\/2022\/05\/IceStop_Deck-768x576.jpg 768w, https:\/\/www.justuxia.fi\/wp-content\/uploads\/2022\/05\/IceStop_Deck-1536x1152.jpg 1536w\" sizes=\"auto, (max-width: 2048px) 100vw, 2048px\" \/><\/figure><\/div>\n\n\n\n<\/td><td width=2%\">&nbsp;<\/td><td width=49%\">\n\n\n\n<div class=\"wp-block-image\"><figure class=\"aligncenter size-large\"><img loading=\"lazy\" decoding=\"async\" width=\"2048\" height=\"1536\" src=\"http:\/\/www.justuxia.fi\/wp-content\/uploads\/2022\/05\/IceStop_Stairs4-1-1-2048x1536.jpg\" alt=\"\" class=\"wp-image-422\" srcset=\"https:\/\/www.justuxia.fi\/wp-content\/uploads\/2022\/05\/IceStop_Stairs4-1-1-2048x1536.jpg 2048w, https:\/\/www.justuxia.fi\/wp-content\/uploads\/2022\/05\/IceStop_Stairs4-1-1-300x225.jpg 300w, https:\/\/www.justuxia.fi\/wp-content\/uploads\/2022\/05\/IceStop_Stairs4-1-1-768x576.jpg 768w, https:\/\/www.justuxia.fi\/wp-content\/uploads\/2022\/05\/IceStop_Stairs4-1-1-1536x1152.jpg 1536w\" sizes=\"auto, (max-width: 2048px) 100vw, 2048px\" \/><\/figure><\/div>\n\n\n\n<\/td><\/tr><\/table>\n\n\n\n<p><strong>Conficomp<\/strong> &#8211; Ratikkapys\u00e4kki Helmikuussa toteutettuna Conficomp l\u00e4mp\u00f6paneeleilla. <\/p>\n\n\n\n<table border=0><tr><td width=49%>\n\n\n\n<div class=\"wp-block-image\"><figure class=\"aligncenter size-large\"><img decoding=\"async\" src=\"http:\/\/www.justuxia.fi\/wp-content\/uploads\/2023\/11\/sahlgrenska_tram_station.jpg\" alt=\"\" \/><\/figure><\/div>\n\n\n\n<\/td><td width=2%\">&nbsp;<\/td><td width=49%\">\n\n\n\n<div class=\"wp-block-image\"><figure class=\"aligncenter size-large\"><img decoding=\"async\" src=\"http:\/\/www.justuxia.fi\/wp-content\/uploads\/2023\/11\/tramstation_l_mp_kamera-e1699878195720.jpg\" alt=\"\"\/><\/figure><\/div>\n\n\n\n<\/td><\/tr><\/table>\n\n\n\n<p><strong>Referenssikuvia Conficomp monik\u00e4ytt\u00f6isist\u00e4 Conficomp ratkaisuista: <\/strong><\/p>\n\n\n\n<table border=0><tr><td width=49%>\n\n\n\n<div class=\"wp-block-image\"><figure class=\"aligncenter size-large\"><img decoding=\"async\" src=\"http:\/\/www.justuxia.fi\/wp-content\/uploads\/2023\/11\/ramp1-scaled.jpg\" alt=\"\" \/><\/figure><\/div>\n\n\n\n<\/td><td width=2%\">&nbsp;<\/td><td width=49%\">\n\n\n\n<div class=\"wp-block-image\"><figure class=\"aligncenter size-large\"><img decoding=\"async\" src=\"http:\/\/www.justuxia.fi\/wp-content\/uploads\/2023\/11\/ramp_CiR_2019_flir.jpg\" alt=\"\"\/><\/figure><\/div>\n\n\n\n<\/td><\/tr><\/table>\n\n\n\n\n\n<table border=0><tr><td width=49%>\n\n\n\n<div class=\"wp-block-image\"><figure class=\"aligncenter size-large\"><img decoding=\"async\" src=\"http:\/\/www.justuxia.fi\/wp-content\/uploads\/2023\/11\/ulricehamn_kallbad_2.jpg\" alt=\"\" \/><\/figure><\/div>\n\n\n\n<\/td><td width=2%\">&nbsp;<\/td><td width=49%\">\n\n\n\n<div class=\"wp-block-image\"><figure class=\"aligncenter size-large\"><img decoding=\"async\" src=\"http:\/\/www.justuxia.fi\/wp-content\/uploads\/2023\/11\/rd_ramp.jpg\" alt=\"\"\/><\/figure><\/div>\n\n\n\n<\/td><\/tr><\/table>\n\n\n\n<table border=0><tr><td width=49%>\n\n\n\n<div class=\"wp-block-image\"><figure class=\"aligncenter size-large\"><img decoding=\"async\" src=\"http:\/\/www.justuxia.fi\/wp-content\/uploads\/2023\/11\/ulricehamn_kallbad_1.jpg\" alt=\"\" \/><\/figure><\/div>\n\n\n\n<\/td><td width=2%\">&nbsp;<\/td><td width=49%\">\n\n\n\n<div class=\"wp-block-image\"><figure class=\"aligncenter size-large\"><img decoding=\"async\" src=\"http:\/\/www.justuxia.fi\/wp-content\/uploads\/2023\/11\/alandica_walkway_after_conficomp_installation-scaled.jpg\" alt=\"\"\/><\/figure><\/div>\n\n\n\n<\/td><\/tr><\/table>\n\n\n\n<table border=0><tr><td width=49%>\n\n\n\n<div class=\"wp-block-image\"><figure class=\"aligncenter size-large\"><img decoding=\"async\" src=\"http:\/\/www.justuxia.fi\/wp-content\/uploads\/2023\/11\/aspen_entrb_efter_stor-scaled.jpg\" alt=\"\" \/><\/figure><\/div>\n\n\n\n<\/td><\/tr><\/table>\n","protected":false},"excerpt":{"rendered":"<p>Kuka tahansa voi liukastua ja loukkaantua vaikeiden olosuhteiden vuoksi! Liukastumistapaturmat muodostavat merkitt\u00e4v\u00e4n osan kaikista sairauspoissaoloista ja niihin liittyvist\u00e4 kustannuksista (kuntoutus jne.). Yleisiin tiloihin voimme tarjota tuotteita, kuten py\u00f6r\u00e4tuoliramppeja, liukumattomia maalaattoja ja portaita. Justuxian Conficomp-teknologia on turvallista, ymp\u00e4rist\u00f6yst\u00e4v\u00e4llist\u00e4 ja energiaoptimoitua. Arktisten laivojen kansien sulanapitoon suunniteltu IceStop-l\u00e4mp\u00f6elementti on mainio j\u00e4\u00e4nestoratkaisu kaikelle vesiliikenteelle ja teollisuuslaitoksille. Itses\u00e4\u00e4tyv\u00e4ll\u00e4 l\u00e4mp\u00f6kaapelilla varustettu [&hellip;]<\/p>\n","protected":false},"author":1,"featured_media":0,"parent":34,"menu_order":0,"comment_status":"closed","ping_status":"closed","template":"","meta":{"footnotes":""},"class_list":["post-293","page","type-page","status-publish","hentry","post"],"translation":{"provider":"WPGlobus","version":"3.0.0","language":"en","enabled_languages":["fi","en"],"languages":{"fi":{"title":true,"content":true,"excerpt":false},"en":{"title":false,"content":false,"excerpt":false}}},"_links":{"self":[{"href":"https:\/\/www.justuxia.fi\/en\/wp-json\/wp\/v2\/pages\/293","targetHints":{"allow":["GET"]}}],"collection":[{"href":"https:\/\/www.justuxia.fi\/en\/wp-json\/wp\/v2\/pages"}],"about":[{"href":"https:\/\/www.justuxia.fi\/en\/wp-json\/wp\/v2\/types\/page"}],"author":[{"embeddable":true,"href":"https:\/\/www.justuxia.fi\/en\/wp-json\/wp\/v2\/users\/1"}],"replies":[{"embeddable":true,"href":"https:\/\/www.justuxia.fi\/en\/wp-json\/wp\/v2\/comments?post=293"}],"version-history":[{"count":26,"href":"https:\/\/www.justuxia.fi\/en\/wp-json\/wp\/v2\/pages\/293\/revisions"}],"predecessor-version":[{"id":913,"href":"https:\/\/www.justuxia.fi\/en\/wp-json\/wp\/v2\/pages\/293\/revisions\/913"}],"up":[{"embeddable":true,"href":"https:\/\/www.justuxia.fi\/en\/wp-json\/wp\/v2\/pages\/34"}],"wp:attachment":[{"href":"https:\/\/www.justuxia.fi\/en\/wp-json\/wp\/v2\/media?parent=293"}],"curies":[{"name":"wp","href":"https:\/\/api.w.org\/{rel}","templated":true}]}}