{"id":291,"date":"2022-04-21T12:13:19","date_gmt":"2022-04-21T12:13:19","guid":{"rendered":"http:\/\/www.justuxia.fi\/?page_id=291"},"modified":"2025-03-19T07:59:21","modified_gmt":"2025-03-19T07:59:21","slug":"marine-lammittimet","status":"publish","type":"page","link":"https:\/\/www.justuxia.fi\/en\/lammitysratkaisut\/marine-lammittimet\/","title":{"rendered":"L\u00e4mmittimet laivoihin"},"content":{"rendered":"\n<p>Laiva- ja offshore-l\u00e4mmittimien on t\u00e4ytett\u00e4v\u00e4 eritt\u00e4in korkeat turvallisuusvaatimukset. Justuxian Telco Marine-l\u00e4mmittimet on valmistettu kokonaan ruostumattomista materiaaleista: alumiiniprofiileista, ter\u00e4s\/alumiinil\u00e4mp\u00f6elementeist\u00e4 ja vesitiivis kytkent\u00e4kotelosta muovista. L\u00e4mmitin on rakennettu t\u00e4rin\u00e4\u00e4 vaimentavilla ruuveilla ja kiinteill\u00e4 sein\u00e4kiinnikkeill\u00e4. \n<br><br>\nTyyppi T2RIB on IP44 luokiteltu k\u00e4ytett\u00e4v\u00e4ksi kosteissa ja kuivissa tiloissa laivoissa ja offshore-asennuksissa.  Pienikokoinen T2RIB on teho- painosuhteeltaan erinomainen laivak\u00e4ytt\u00f6\u00f6n. Yl\u00e4osasan s\u00e4leikk\u00f6 est\u00e4\u00e4 palovaarallisen peittymisen ja automaattinen l\u00e4mp\u00f6katkaisin ylikuumenemisen.  T2RIB on suunniteltu kiinte\u00e4\u00e4n asennukseen ja se on asennettava vaaka-asentoon. L\u00e4mmittimet ovat Det norske Veritasin, RMRS:n hyv\u00e4ksymi\u00e4.<\/p>\n\n\n<div class=\"wp-block-image\">\n<figure class=\"aligncenter size-full\"><img loading=\"lazy\" decoding=\"async\" width=\"562\" height=\"161\" src=\"http:\/\/www.justuxia.fi\/wp-content\/uploads\/2022\/05\/TELCO-RIB.png\" alt=\"\" class=\"wp-image-416\" srcset=\"https:\/\/www.justuxia.fi\/wp-content\/uploads\/2022\/05\/TELCO-RIB.png 562w, https:\/\/www.justuxia.fi\/wp-content\/uploads\/2022\/05\/TELCO-RIB-300x86.png 300w\" sizes=\"auto, (max-width: 562px) 100vw, 562px\" \/><\/figure><\/div>","protected":false},"excerpt":{"rendered":"<p>Laiva- ja offshore-l\u00e4mmittimien on t\u00e4ytett\u00e4v\u00e4 eritt\u00e4in korkeat turvallisuusvaatimukset. Justuxian Telco Marine-l\u00e4mmittimet on valmistettu kokonaan ruostumattomista materiaaleista: alumiiniprofiileista, ter\u00e4s\/alumiinil\u00e4mp\u00f6elementeist\u00e4 ja vesitiivis kytkent\u00e4kotelosta muovista. L\u00e4mmitin on rakennettu t\u00e4rin\u00e4\u00e4 vaimentavilla ruuveilla ja kiinteill\u00e4 sein\u00e4kiinnikkeill\u00e4. Tyyppi T2RIB on IP44 luokiteltu k\u00e4ytett\u00e4v\u00e4ksi kosteissa ja kuivissa tiloissa laivoissa ja offshore-asennuksissa. Pienikokoinen T2RIB on teho- painosuhteeltaan erinomainen laivak\u00e4ytt\u00f6\u00f6n. Yl\u00e4osasan s\u00e4leikk\u00f6 est\u00e4\u00e4 palovaarallisen [&hellip;]<\/p>\n","protected":false},"author":1,"featured_media":0,"parent":34,"menu_order":0,"comment_status":"closed","ping_status":"closed","template":"","meta":{"footnotes":""},"class_list":["post-291","page","type-page","status-publish","hentry","post"],"translation":{"provider":"WPGlobus","version":"3.0.0","language":"en","enabled_languages":["fi","en"],"languages":{"fi":{"title":true,"content":true,"excerpt":false},"en":{"title":false,"content":false,"excerpt":false}}},"_links":{"self":[{"href":"https:\/\/www.justuxia.fi\/en\/wp-json\/wp\/v2\/pages\/291","targetHints":{"allow":["GET"]}}],"collection":[{"href":"https:\/\/www.justuxia.fi\/en\/wp-json\/wp\/v2\/pages"}],"about":[{"href":"https:\/\/www.justuxia.fi\/en\/wp-json\/wp\/v2\/types\/page"}],"author":[{"embeddable":true,"href":"https:\/\/www.justuxia.fi\/en\/wp-json\/wp\/v2\/users\/1"}],"replies":[{"embeddable":true,"href":"https:\/\/www.justuxia.fi\/en\/wp-json\/wp\/v2\/comments?post=291"}],"version-history":[{"count":6,"href":"https:\/\/www.justuxia.fi\/en\/wp-json\/wp\/v2\/pages\/291\/revisions"}],"predecessor-version":[{"id":893,"href":"https:\/\/www.justuxia.fi\/en\/wp-json\/wp\/v2\/pages\/291\/revisions\/893"}],"up":[{"embeddable":true,"href":"https:\/\/www.justuxia.fi\/en\/wp-json\/wp\/v2\/pages\/34"}],"wp:attachment":[{"href":"https:\/\/www.justuxia.fi\/en\/wp-json\/wp\/v2\/media?parent=291"}],"curies":[{"name":"wp","href":"https:\/\/api.w.org\/{rel}","templated":true}]}}