{"id":288,"date":"2022-04-21T11:38:23","date_gmt":"2022-04-21T11:38:23","guid":{"rendered":"http:\/\/www.justuxia.fi\/?page_id=288"},"modified":"2025-06-05T05:20:01","modified_gmt":"2025-06-05T05:20:01","slug":"rajahdysvaaralliset-tilat-lammitysratkaisut","status":"publish","type":"page","link":"https:\/\/www.justuxia.fi\/en\/lammitysratkaisut\/rajahdysvaaralliset-tilat-lammitysratkaisut\/","title":{"rendered":"ATEX- ja vaativan teollisuuden l\u00e4mmittimet \u2013 turvallista l\u00e4mp\u00f6\u00e4 kaikissa olosuhteissa"},"content":{"rendered":"\n<p>Justuxia \u2013 vaativiin s\u00e4hk\u00f6l\u00e4mmityskohteisiin<br><br>\nEdustamamme Schniewindt GmbH &#038; Co. KG on saksalainen, yli 100 vuotta toiminut valmistaja, joka on erikoistunut s\u00e4hk\u00f6l\u00e4mmitysratkaisuihin vaativiin teollisuus- ja ATEX-olosuhteisiin. Yrityksen osaaminen perustuu teknologiseen kehitysty\u00f6h\u00f6n erityisesti s\u00e4hk\u00f6vastuksiin, l\u00e4mmityselementteihin ja Ex-tilojen l\u00e4mp\u00f6ratkaisuihin. Tehtaan korkealaatuisia tuotteita k\u00e4ytet\u00e4\u00e4n ymp\u00e4ri maailmaa energiateollisuudessa, kemianteollisuudessa, meriteollisuudessa sek\u00e4 prosessiteollisuudessa.<\/p>\n\n\n\n<table><tr><td width=50% style=\"vertical-align:top;\">\n\n\n\n<div class=\"wp-block-image\"><figure class=\"aligncenter size-full\"><img loading=\"lazy\" decoding=\"async\" width=\"945\" height=\"495\" src=\"http:\/\/www.justuxia.fi\/wp-content\/uploads\/2022\/05\/ATEX-Airwarmers_1.jpg\" alt=\"\" class=\"wp-image-411\" srcset=\"https:\/\/www.justuxia.fi\/wp-content\/uploads\/2022\/05\/ATEX-Airwarmers_1.jpg 945w, https:\/\/www.justuxia.fi\/wp-content\/uploads\/2022\/05\/ATEX-Airwarmers_1-300x157.jpg 300w, https:\/\/www.justuxia.fi\/wp-content\/uploads\/2022\/05\/ATEX-Airwarmers_1-768x402.jpg 768w\" sizes=\"auto, (max-width: 945px) 100vw, 945px\" \/><\/figure><\/div>\n\n\n\n<\/td><td width=50% style=\"vertical-align:top;\">\n\n\n\n<p><strong>ATEX-tilojen ilmanl\u00e4mmittimet<\/strong><br>\n<ul>\n    <li>Sertifioidut l\u00e4mmittimet ATEX- ja IECEx-luokitelluilla alueilla (Ex d \/ Ex e \/ Ex de IIC T1\u2013T6)<\/li>\n    <li>IP66 \/ IP67 suojaus, korroosionkest\u00e4v\u00e4t rakenteet (AISI 316L)<\/li>\n    <li>Varustettavissa termostaateilla, suojaverkoilla, kiinnikkeill\u00e4 ja liit\u00e4nt\u00e4koteloilla<\/li>\n    <li>Soveltuvat mm. teknisiin tiloihin, kytkent\u00e4kaappeihin, tilojen yll\u00e4pitol\u00e4mmitykseen<\/li>\n    <li>Tehot: 250 W \u2013 9 kW<\/li>\n<\/ul>\n<\/p>\n\n\n\n<\/td><\/tr><tr><td width=50% style=\"vertical-align:top;\">\n\n\n\n<div class=\"wp-block-image\"><figure class=\"aligncenter size-full\"><img loading=\"lazy\" decoding=\"async\" width=\"784\" height=\"445\" src=\"http:\/\/www.justuxia.fi\/wp-content\/uploads\/2022\/05\/ATEX_Immersion_1.jpg\" alt=\"\" class=\"wp-image-412\" srcset=\"https:\/\/www.justuxia.fi\/wp-content\/uploads\/2022\/05\/ATEX_Immersion_1.jpg 784w, https:\/\/www.justuxia.fi\/wp-content\/uploads\/2022\/05\/ATEX_Immersion_1-300x170.jpg 300w, https:\/\/www.justuxia.fi\/wp-content\/uploads\/2022\/05\/ATEX_Immersion_1-768x436.jpg 768w\" sizes=\"auto, (max-width: 784px) 100vw, 784px\" \/><\/figure><\/div>\n\n\n\n<\/td><td width=50% style=\"vertical-align:top;\">\n\n\n\n<p><strong>Siirrett\u00e4v\u00e4t ATEX-l\u00e4mmittimet<\/strong><br>\n<ul>\n   <li>Zone 1\/21 hyv\u00e4ksytyt kannettavat ratkaisut tilap\u00e4iseen l\u00e4mmitykseen ja huoltot\u00f6ihin<\/li>\n   <li>Helposti siirrett\u00e4vi\u00e4, plug &#038; play -tyyppisi\u00e4<\/li>\n   <li>Soveltuvat mm. offshore-huoltoon, kaappien esil\u00e4mmitykseen ja prosessiseisokkien aikana teht\u00e4viin toimenpiteisiin <\/li>\n<\/ul>\n<\/p>\n\n\n\n<\/td><\/tr><tr><td width=50% style=\"vertical-align:top;\">\n&nbsp;\n<\/td><td width=50% style=\"vertical-align:top;\">\n\n\n\n<p><strong>Nesteiden ja kaasujen s\u00e4hk\u00f6l\u00e4mmittimet<\/strong><br>\n<ul>\n   <li>Immersiol\u00e4mmittimet: asennetaan suoraan s\u00e4ili\u00f6ihin, putkistoihin tai l\u00e4mm\u00f6nvaihtimiin<\/li>\n   <li>Circulation heaters: virtausl\u00e4mmittimet nesteille ja kaasuille, my\u00f6s Ex-alueille<\/li>\n   <li>Sovelluskohteita mm. glygoli-, \u00f6ljy-, vesi- ja kemikaalij\u00e4rjestelm\u00e4t <\/li>\n   <li>Tyypilliset k\u00e4ytt\u00f6kohteet: s\u00e4ili\u00f6iden l\u00e4mmitys, vesij\u00e4rjestelm\u00e4t, voiteluaineet, prosessinesteet<\/li>\n<\/ul>\n<\/p>\n\n\n\n<\/td><\/tr><\/table>\n\n\n\n<p>\nProsessil\u00e4mmittimet ja s\u00e4hk\u00f6iset l\u00e4mm\u00f6nvaihtimet<br><br>\nR\u00e4\u00e4t\u00e4l\u00f6idyt ratkaisut asiakkaan prosessiolosuhteisiin<br><br>\nMahdollisuus yhdist\u00e4\u00e4 useita putkilinjoja, l\u00e4mp\u00f6tilatunnistimia ja valvontaj\u00e4rjestelmi\u00e4<br><br>\nTarkka l\u00e4mp\u00f6tilan s\u00e4\u00e4t\u00f6, k\u00e4ytett\u00e4viss\u00e4 automaatioj\u00e4rjestelmien kanssa <\/p>\n","protected":false},"excerpt":{"rendered":"<p>Justuxia \u2013 vaativiin s\u00e4hk\u00f6l\u00e4mmityskohteisiin Edustamamme Schniewindt GmbH &#038; Co. KG on saksalainen, yli 100 vuotta toiminut valmistaja, joka on erikoistunut s\u00e4hk\u00f6l\u00e4mmitysratkaisuihin vaativiin teollisuus- ja ATEX-olosuhteisiin. Yrityksen osaaminen perustuu teknologiseen kehitysty\u00f6h\u00f6n erityisesti s\u00e4hk\u00f6vastuksiin, l\u00e4mmityselementteihin ja Ex-tilojen l\u00e4mp\u00f6ratkaisuihin. Tehtaan korkealaatuisia tuotteita k\u00e4ytet\u00e4\u00e4n ymp\u00e4ri maailmaa energiateollisuudessa, kemianteollisuudessa, meriteollisuudessa sek\u00e4 prosessiteollisuudessa. ATEX-tilojen ilmanl\u00e4mmittimet Sertifioidut l\u00e4mmittimet ATEX- ja IECEx-luokitelluilla alueilla [&hellip;]<\/p>\n","protected":false},"author":1,"featured_media":0,"parent":34,"menu_order":0,"comment_status":"closed","ping_status":"closed","template":"","meta":{"footnotes":""},"class_list":["post-288","page","type-page","status-publish","hentry","post"],"translation":{"provider":"WPGlobus","version":"3.0.0","language":"en","enabled_languages":["fi","en"],"languages":{"fi":{"title":true,"content":true,"excerpt":false},"en":{"title":false,"content":false,"excerpt":false}}},"_links":{"self":[{"href":"https:\/\/www.justuxia.fi\/en\/wp-json\/wp\/v2\/pages\/288","targetHints":{"allow":["GET"]}}],"collection":[{"href":"https:\/\/www.justuxia.fi\/en\/wp-json\/wp\/v2\/pages"}],"about":[{"href":"https:\/\/www.justuxia.fi\/en\/wp-json\/wp\/v2\/types\/page"}],"author":[{"embeddable":true,"href":"https:\/\/www.justuxia.fi\/en\/wp-json\/wp\/v2\/users\/1"}],"replies":[{"embeddable":true,"href":"https:\/\/www.justuxia.fi\/en\/wp-json\/wp\/v2\/comments?post=288"}],"version-history":[{"count":15,"href":"https:\/\/www.justuxia.fi\/en\/wp-json\/wp\/v2\/pages\/288\/revisions"}],"predecessor-version":[{"id":1045,"href":"https:\/\/www.justuxia.fi\/en\/wp-json\/wp\/v2\/pages\/288\/revisions\/1045"}],"up":[{"embeddable":true,"href":"https:\/\/www.justuxia.fi\/en\/wp-json\/wp\/v2\/pages\/34"}],"wp:attachment":[{"href":"https:\/\/www.justuxia.fi\/en\/wp-json\/wp\/v2\/media?parent=288"}],"curies":[{"name":"wp","href":"https:\/\/api.w.org\/{rel}","templated":true}]}}