{"id":26,"date":"2022-01-17T18:55:34","date_gmt":"2022-01-17T18:55:34","guid":{"rendered":"http:\/\/www.justuxia.fi\/?page_id=26"},"modified":"2025-05-30T18:44:55","modified_gmt":"2025-05-30T18:44:55","slug":"valaisimet","status":"publish","type":"page","link":"https:\/\/www.justuxia.fi\/en\/valaisimet\/","title":{"rendered":"Valaisimet ammattilaisille ATEX ja teollisuus"},"content":{"rendered":"\n<p>Justuxia Oy:n valaisinvalikoima kattaa laajasti r\u00e4j\u00e4hdysvaarallisten tilojen (ATEX, IECEx), vaativien teollisuusymp\u00e4rist\u00f6jen ja helikopterikenttien valaistusratkaisut. Toimitamme korkealaatuisia LED-valaisimia ja valonheittimi\u00e4, jotka on suunniteltu vaativiin olosuhteisiin: \u00e4\u00e4rimm\u00e4isiin l\u00e4mp\u00f6tiloihin, kosteuteen, p\u00f6lyyn, t\u00e4rin\u00e4\u00e4n ja mahdollisiin mekaanisiin iskuihin. Valaisimet soveltuvat niin uusasennuksiin kuin modernisointeihin, ja ne t\u00e4ytt\u00e4v\u00e4t alan tiukimmat tekniset ja s\u00e4\u00e4ntelylliset vaatimukset.<\/p>\n\n\n\n<table border=0><tr><td width=40% style=\"vertical-align:top;\">\n\n\n<div class=\"wp-block-image\">\n<figure class=\"alignleft size-full is-resized\"><a href=\"http:\/\/www.justuxia.fi\/valaisimet\/rajahdysvaaralliset-tilan-valasimet\/\"><img loading=\"lazy\" decoding=\"async\" width=\"800\" height=\"533\" src=\"http:\/\/www.justuxia.fi\/wp-content\/uploads\/2022\/04\/protectax_1.png\" alt=\"\" class=\"wp-image-315\" style=\"width:314px;height:209px\" srcset=\"https:\/\/www.justuxia.fi\/wp-content\/uploads\/2022\/04\/protectax_1.png 800w, https:\/\/www.justuxia.fi\/wp-content\/uploads\/2022\/04\/protectax_1-300x200.png 300w, https:\/\/www.justuxia.fi\/wp-content\/uploads\/2022\/04\/protectax_1-768x512.png 768w, https:\/\/www.justuxia.fi\/wp-content\/uploads\/2022\/04\/protectax_1-272x182.png 272w\" sizes=\"auto, (max-width: 800px) 100vw, 800px\" \/><\/a><\/figure><\/div>\n\n\n<\/td><td width=60% style=\"vertical-align:top;\">\n\n\n\n<p><a href=\"http:\/\/www.justuxia.fi\/valaisimet\/rajahdysvaaralliset-tilan-valasimet\/\"><strong>R\u00c4J\u00c4HDYSVAARALLISEN TILAN VALAISIMET<\/strong><\/a><br>Hubbell Group on sitoutunut k\u00e4ytt\u00e4m\u00e4\u00e4n tuotteissaan parasta saatavilla olevaa teknologia (BAT), joten Chalmit tuotteita voidaan k\u00e4ytt\u00e4\u00e4 luottavaisin mielin pitk\u00e4kestoisissa ja vaativissa projekteissa luottaen, ett\u00e4 tuote on aina toimitushetkell\u00e4 ajanmukainen ja laadukas ratkaisu. ATEX valaisimet Zone 1\/22, Zone 2\/22 \u2026<\/p>\n\n\n\n<\/td><\/tr><tr><td width=40% style=\"vertical-align:top;\">\n\n\n<div class=\"wp-block-image\">\n<figure class=\"alignleft size-full is-resized\"><a href=\"http:\/\/www.justuxia.fi\/valaisimet\/teollisuusvalaisimet\/\"><img loading=\"lazy\" decoding=\"async\" width=\"483\" height=\"503\" src=\"http:\/\/www.justuxia.fi\/wp-content\/uploads\/2022\/05\/KFLH-image.jpg\" alt=\"\" class=\"wp-image-329\" style=\"width:312px;height:326px\" srcset=\"https:\/\/www.justuxia.fi\/wp-content\/uploads\/2022\/05\/KFLH-image.jpg 483w, https:\/\/www.justuxia.fi\/wp-content\/uploads\/2022\/05\/KFLH-image-288x300.jpg 288w\" sizes=\"auto, (max-width: 483px) 100vw, 483px\" \/><\/a><\/figure><\/div>\n\n\n<\/td><td width=60% style=\"vertical-align:top;\">\n\n\n\n<p><br><a href=\"http:\/\/www.justuxia.fi\/valaisimet\/teollisuusvalaisimet\/\"><strong>TEOLLISUUSVALAISIMET<\/strong><\/a><br>\nOlemme erikoistuneet vaativien teollisuusymp\u00e4rist\u00f6jen valaistusratkaisuihin. Valikoimaamme kuuluvat Chalmitin ja Remontowan korkealaatuiset LED-valaisimet, jotka on suunniteltu t\u00e4ytt\u00e4m\u00e4\u00e4n raskaan ja kevyen teollisuuden sek\u00e4 liikenteen ja infrastruktuurin vaatimukset. Tuotteillamme on kattavat tekninen dokumentaatio, sek\u00e4 laajasti kansainv\u00e4lisi\u00e4 hyv\u00e4ksynt\u00f6j\u00e4\u2026<\/p>\n\n\n\n<\/td><\/tr><tr><td width=40% style=\"vertical-align:top;\">\n\n\n<div class=\"wp-block-image\">\n<figure class=\"alignleft size-full is-resized\"><a href=\"http:\/\/www.justuxia.fi\/valaisimet\/helikopterikentan-valaisimet\/\"><img decoding=\"async\" src=\"http:\/\/www.justuxia.fi\/wp-content\/uploads\/2025\/05\/helikopter_2.jpg\" alt=\"\"  style=\"width:329px; \"\/><\/a><\/figure><\/div>\n\n\n<\/td><td width=60% style=\"vertical-align:top;\">\n\n\n\n<p><a href=\"http:\/\/www.justuxia.fi\/valaisimet\/helikopterikentan-valaisimet\/\"><strong>HELIKOPTERIKENT\u00c4N VALAISIMET<\/strong><\/a><br>\nValikoimamme kattaa korkealaatuiset ratkaisut helikopterin laskeutumisalue valaistukseen niin r\u00e4j\u00e4hdysvaarallisiin (ATEX) tiloihin, kuin muihin vaativiin asennusolosuhteisiin. Rakennusten katon helikopterin laskeutumisalueet, Laivojen helidec valaistus ja Offshore helikopterikansien valaistus ja ohjaus\u2026<\/p>\n\n\n\n<\/td><\/tr><\/table>\n","protected":false},"excerpt":{"rendered":"<p>Justuxia Oy:n valaisinvalikoima kattaa laajasti r\u00e4j\u00e4hdysvaarallisten tilojen (ATEX, IECEx), vaativien teollisuusymp\u00e4rist\u00f6jen ja helikopterikenttien valaistusratkaisut. Toimitamme korkealaatuisia LED-valaisimia ja valonheittimi\u00e4, jotka on suunniteltu vaativiin olosuhteisiin: \u00e4\u00e4rimm\u00e4isiin l\u00e4mp\u00f6tiloihin, kosteuteen, p\u00f6lyyn, t\u00e4rin\u00e4\u00e4n ja mahdollisiin mekaanisiin iskuihin. Valaisimet soveltuvat niin uusasennuksiin kuin modernisointeihin, ja ne t\u00e4ytt\u00e4v\u00e4t alan tiukimmat tekniset ja s\u00e4\u00e4ntelylliset vaatimukset. R\u00c4J\u00c4HDYSVAARALLISEN TILAN VALAISIMETHubbell Group on sitoutunut k\u00e4ytt\u00e4m\u00e4\u00e4n [&hellip;]<\/p>\n","protected":false},"author":1,"featured_media":0,"parent":0,"menu_order":0,"comment_status":"closed","ping_status":"closed","template":"","meta":{"footnotes":""},"class_list":["post-26","page","type-page","status-publish","hentry","post"],"translation":{"provider":"WPGlobus","version":"3.0.0","language":"en","enabled_languages":["fi","en"],"languages":{"fi":{"title":true,"content":true,"excerpt":false},"en":{"title":false,"content":false,"excerpt":false}}},"_links":{"self":[{"href":"https:\/\/www.justuxia.fi\/en\/wp-json\/wp\/v2\/pages\/26","targetHints":{"allow":["GET"]}}],"collection":[{"href":"https:\/\/www.justuxia.fi\/en\/wp-json\/wp\/v2\/pages"}],"about":[{"href":"https:\/\/www.justuxia.fi\/en\/wp-json\/wp\/v2\/types\/page"}],"author":[{"embeddable":true,"href":"https:\/\/www.justuxia.fi\/en\/wp-json\/wp\/v2\/users\/1"}],"replies":[{"embeddable":true,"href":"https:\/\/www.justuxia.fi\/en\/wp-json\/wp\/v2\/comments?post=26"}],"version-history":[{"count":46,"href":"https:\/\/www.justuxia.fi\/en\/wp-json\/wp\/v2\/pages\/26\/revisions"}],"predecessor-version":[{"id":1028,"href":"https:\/\/www.justuxia.fi\/en\/wp-json\/wp\/v2\/pages\/26\/revisions\/1028"}],"wp:attachment":[{"href":"https:\/\/www.justuxia.fi\/en\/wp-json\/wp\/v2\/media?parent=26"}],"curies":[{"name":"wp","href":"https:\/\/api.w.org\/{rel}","templated":true}]}}