{"id":2,"date":"2021-12-07T22:57:10","date_gmt":"2021-12-07T22:57:10","guid":{"rendered":"http:\/\/www.justuxia.fi\/?page_id=2"},"modified":"2025-05-24T10:26:29","modified_gmt":"2025-05-24T10:26:29","slug":"sample-page","status":"publish","type":"page","link":"https:\/\/www.justuxia.fi\/en\/","title":{"rendered":"Justuxia Oy &#8211; Erityisvaativien tilojen ammattilainen"},"content":{"rendered":"\n<p>Justuxia Oy on suomalainen tekninen maahantuontiyritys ja asiantuntijakumppani, joka on erikoistunut erityisen vaativien s\u00e4hk\u00f6asennus- ja valaistustarvikkeiden maahantuontiin, projektimyyntiin ja tekniseen tukeen. Yrityksen toimintaa ohjaa vahva tekninen osaaminen ja kokemus vaativien teollisuus- ja r\u00e4j\u00e4hdysvaarallisten tilojen asennusymp\u00e4rist\u00f6ist\u00e4.<\/p>\n\n\n\n<p>Toimintamme perustuu tiiviiseen yhteisty\u00f6h\u00f6n johtavien kansainv\u00e4listen valmistajien kanssa, ja tarjoamme tuotteita ja ratkaisuja, jotka t\u00e4ytt\u00e4v\u00e4t kansainv\u00e4lisesti korkeimmat turvallisuus- ja laatustandardit. Tarjoamme ratkaisuja muun muassa r\u00e4j\u00e4hdysvaarallisiin tiloihin (ATEX, IECEx, EAC), teollisuuteen, laivateollisuuteen, uusiutuvaan energiaan sek\u00e4 helikopterikentt\u00e4valaistukseen. Tuotevalikoimaamme kuuluvat muun muassa valaisimet, l\u00e4mmittimet, holkkitiivisteet, kytkent\u00e4kotelot, pikaliittimet, puhelinj\u00e4rjestelm\u00e4t ja modulaariset kaapelil\u00e4piviennit.<\/p>\n\n\n\n<p>Toimimme Hubbell Groupin virallisena edustajana Suomessa. Edustamiamme Hubbell br\u00e4ndej\u00e4 ovat mm. Chalmit Lighting, Hawke International, Killark ja GAI-Tronics. Samoin toimimme Saksalaisen Schniewindt l\u00e4mmittimien ja HTS kaapelil\u00e4pivientien edustajana. Palvelemme sek\u00e4 kotimaisia ett\u00e4 kansainv\u00e4lisi\u00e4 asiakkaita myyntitoimistostamme Tuusulasta k\u00e4sin.<\/p>\n","protected":false},"excerpt":{"rendered":"<p>Justuxia Oy on suomalainen tekninen maahantuontiyritys ja asiantuntijakumppani, joka on erikoistunut erityisen vaativien s\u00e4hk\u00f6asennus- ja valaistustarvikkeiden maahantuontiin, projektimyyntiin ja tekniseen tukeen. Yrityksen toimintaa ohjaa vahva tekninen osaaminen ja kokemus vaativien teollisuus- ja r\u00e4j\u00e4hdysvaarallisten tilojen asennusymp\u00e4rist\u00f6ist\u00e4. Toimintamme perustuu tiiviiseen yhteisty\u00f6h\u00f6n johtavien kansainv\u00e4listen valmistajien kanssa, ja tarjoamme tuotteita ja ratkaisuja, jotka t\u00e4ytt\u00e4v\u00e4t kansainv\u00e4lisesti korkeimmat turvallisuus- ja laatustandardit. [&hellip;]<\/p>\n","protected":false},"author":1,"featured_media":0,"parent":0,"menu_order":0,"comment_status":"closed","ping_status":"closed","template":"","meta":{"footnotes":""},"class_list":["post-2","page","type-page","status-publish","hentry","post"],"translation":{"provider":"WPGlobus","version":"3.0.0","language":"en","enabled_languages":["fi","en"],"languages":{"fi":{"title":true,"content":true,"excerpt":false},"en":{"title":false,"content":false,"excerpt":false}}},"_links":{"self":[{"href":"https:\/\/www.justuxia.fi\/en\/wp-json\/wp\/v2\/pages\/2","targetHints":{"allow":["GET"]}}],"collection":[{"href":"https:\/\/www.justuxia.fi\/en\/wp-json\/wp\/v2\/pages"}],"about":[{"href":"https:\/\/www.justuxia.fi\/en\/wp-json\/wp\/v2\/types\/page"}],"author":[{"embeddable":true,"href":"https:\/\/www.justuxia.fi\/en\/wp-json\/wp\/v2\/users\/1"}],"replies":[{"embeddable":true,"href":"https:\/\/www.justuxia.fi\/en\/wp-json\/wp\/v2\/comments?post=2"}],"version-history":[{"count":17,"href":"https:\/\/www.justuxia.fi\/en\/wp-json\/wp\/v2\/pages\/2\/revisions"}],"predecessor-version":[{"id":923,"href":"https:\/\/www.justuxia.fi\/en\/wp-json\/wp\/v2\/pages\/2\/revisions\/923"}],"wp:attachment":[{"href":"https:\/\/www.justuxia.fi\/en\/wp-json\/wp\/v2\/media?parent=2"}],"curies":[{"name":"wp","href":"https:\/\/api.w.org\/{rel}","templated":true}]}}